{"id":249,"date":"2025-12-05T17:58:49","date_gmt":"2025-12-05T16:58:49","guid":{"rendered":"https:\/\/urbexmaps.com\/be\/?post_type=product&#038;p=249"},"modified":"2025-12-27T14:56:22","modified_gmt":"2025-12-27T13:56:22","slug":"maison-blanc","status":"publish","type":"product","link":"https:\/\/urbexmaps.com\/be\/produit\/maison-blanc","title":{"rendered":"MAISON BLANC"},"content":{"rendered":"<p>Le lieu nomm\u00e9 MAISON BLANC est un lieu abandonn\u00e9 de la r\u00e9gion Flandre. C&rsquo;est un lieu qui peut attirer les adeptes de l&rsquo;urbex en qu\u00eate d&rsquo;aventure et de d\u00e9couverte mais aussi les photographes \u00e0 la recherche de lieux d\u00e9saffect\u00e9s hors du temps.<\/p>\n<p>La Maison Blanc, situ\u00e9e en R\u00e9gion flamande en Belgique, est un lieu d&rsquo;exploration urbaine (urbex) abandonn\u00e9, pris\u00e9 par les photographes et les amateurs de lieux fig\u00e9s dans le temps. Comme beaucoup de spots d&rsquo;urbex, son attrait r\u00e9side dans l&rsquo;atmosph\u00e8re particuli\u00e8re qu&rsquo;elle d\u00e9gage. Les informations disponibles sur ce type de lieux sont souvent limit\u00e9es et diffus\u00e9es uniquement au sein de la communaut\u00e9 urbex pour des raisons de discr\u00e9tion. G\u00e9n\u00e9ralement, ces maisons abandonn\u00e9es pr\u00e9sentent une architecture typique de la r\u00e9gion, avec des signes visibles de d\u00e9labrement, comme la v\u00e9g\u00e9tation reprenant ses droits, des meubles laiss\u00e9s sur place et une d\u00e9gradation progressive due au temps et aux \u00e9l\u00e9ments. Pour ceux qui envisagent une visite, il est crucial de rappeler que l&rsquo;urbex doit toujours \u00eatre pratiqu\u00e9 dans le respect des r\u00e8gles fondamentales : ne rien casser, ne rien voler et ne rien laisser derri\u00e8re soi (\u00ab\u00a0Take only pictures, leave only footprints\u00a0\u00bb). Il est important de noter que l&rsquo;acc\u00e8s \u00e0 ce type de propri\u00e9t\u00e9 priv\u00e9e est souvent ill\u00e9gal et dangereux, et il est recommand\u00e9 de s&rsquo;informer sur le statut l\u00e9gal du site avant toute tentative d&rsquo;exploration.<\/p>\n","protected":false},"excerpt":{"rendered":"<p>Le lieu nomm\u00e9 MAISON BLANC est un lieu abandonn\u00e9 de la r\u00e9gion Flandre. C&rsquo;est un lieu qui peut attirer les adeptes de l&rsquo;urbex en qu\u00eate d&rsquo;aventure et de d\u00e9couverte mais aussi les photographes \u00e0 la recherche de lieux d\u00e9saffect\u00e9s hors du temps. La Maison Blanc, situ\u00e9e en R\u00e9gion flamande en Belgique, est un lieu d&rsquo;exploration [&hellip;]<\/p>\n","protected":false},"featured_media":330,"comment_status":"open","ping_status":"closed","template":"","meta":{"_et_pb_use_builder":"","_et_pb_old_content":"","_et_gb_content_width":""},"product_brand":[],"product_cat":[19],"product_tag":[],"class_list":{"0":"post-249","1":"product","2":"type-product","3":"status-publish","4":"has-post-thumbnail","6":"product_cat-top-lieux-urbex-belgique","8":"first","9":"instock","10":"virtual","11":"purchasable","12":"product-type-simple"},"yoast_head":"<!-- This site is optimized with the Yoast SEO plugin v27.5 - https:\/\/yoast.com\/product\/yoast-seo-wordpress\/ -->\n<title>MAISON BLANC : La localisation GPS<\/title>\n<meta name=\"description\" content=\"MAISON BLANC est un lieu abandonn\u00e9 d&#039;urbex situ\u00e9 dans la r\u00e9gion FLANDRE. D\u00e9couvrez les coordonn\u00e9es GPS, r\u00e9ception imm\u00e9diate \u26a1\" \/>\n<meta name=\"robots\" content=\"index, follow, max-snippet:-1, max-image-preview:large, max-video-preview:-1\" \/>\n<link rel=\"canonical\" href=\"https:\/\/urbexmaps.com\/be\/produit\/maison-blanc\" \/>\n<meta property=\"og:locale\" content=\"fr_FR\" \/>\n<meta property=\"og:type\" content=\"article\" \/>\n<meta property=\"og:title\" content=\"MAISON BLANC : La localisation GPS\" \/>\n<meta property=\"og:description\" content=\"MAISON BLANC est un lieu abandonn\u00e9 d&#039;urbex situ\u00e9 dans la r\u00e9gion FLANDRE. D\u00e9couvrez les coordonn\u00e9es GPS, r\u00e9ception imm\u00e9diate \u26a1\" \/>\n<meta property=\"og:url\" content=\"https:\/\/urbexmaps.com\/be\/produit\/maison-blanc\" \/>\n<meta property=\"og:site_name\" content=\"Urbexmaps BE\" \/>\n<meta property=\"article:modified_time\" content=\"2025-12-27T13:56:22+00:00\" \/>\n<meta property=\"og:image\" content=\"https:\/\/urbexmaps.com\/be\/wp-content\/uploads\/sites\/3\/2025\/12\/MAISON-BLANC.png\" \/>\n\t<meta property=\"og:image:width\" content=\"762\" \/>\n\t<meta property=\"og:image:height\" content=\"752\" \/>\n\t<meta property=\"og:image:type\" content=\"image\/png\" \/>\n<meta name=\"twitter:card\" content=\"summary_large_image\" \/>\n<meta name=\"twitter:label1\" content=\"Dur\u00e9e de lecture estim\u00e9e\" \/>\n\t<meta name=\"twitter:data1\" content=\"2 minutes\" \/>\n<script type=\"application\/ld+json\" class=\"yoast-schema-graph\">{\"@context\":\"https:\\\/\\\/schema.org\",\"@graph\":[{\"@type\":\"WebPage\",\"@id\":\"https:\\\/\\\/urbexmaps.com\\\/be\\\/produit\\\/maison-blanc\",\"url\":\"https:\\\/\\\/urbexmaps.com\\\/be\\\/produit\\\/maison-blanc\",\"name\":\"MAISON BLANC : La localisation GPS\",\"isPartOf\":{\"@id\":\"https:\\\/\\\/urbexmaps.com\\\/be\\\/#website\"},\"primaryImageOfPage\":{\"@id\":\"https:\\\/\\\/urbexmaps.com\\\/be\\\/produit\\\/maison-blanc#primaryimage\"},\"image\":{\"@id\":\"https:\\\/\\\/urbexmaps.com\\\/be\\\/produit\\\/maison-blanc#primaryimage\"},\"thumbnailUrl\":\"https:\\\/\\\/urbexmaps.com\\\/be\\\/wp-content\\\/uploads\\\/sites\\\/3\\\/2025\\\/12\\\/MAISON-BLANC.png\",\"datePublished\":\"2025-12-05T16:58:49+00:00\",\"dateModified\":\"2025-12-27T13:56:22+00:00\",\"description\":\"MAISON BLANC est un lieu abandonn\u00e9 d'urbex situ\u00e9 dans la r\u00e9gion FLANDRE. D\u00e9couvrez les coordonn\u00e9es GPS, r\u00e9ception imm\u00e9diate \u26a1\",\"breadcrumb\":{\"@id\":\"https:\\\/\\\/urbexmaps.com\\\/be\\\/produit\\\/maison-blanc#breadcrumb\"},\"inLanguage\":\"fr-BE\",\"potentialAction\":[{\"@type\":\"ReadAction\",\"target\":[\"https:\\\/\\\/urbexmaps.com\\\/be\\\/produit\\\/maison-blanc\"]}]},{\"@type\":\"ImageObject\",\"inLanguage\":\"fr-BE\",\"@id\":\"https:\\\/\\\/urbexmaps.com\\\/be\\\/produit\\\/maison-blanc#primaryimage\",\"url\":\"https:\\\/\\\/urbexmaps.com\\\/be\\\/wp-content\\\/uploads\\\/sites\\\/3\\\/2025\\\/12\\\/MAISON-BLANC.png\",\"contentUrl\":\"https:\\\/\\\/urbexmaps.com\\\/be\\\/wp-content\\\/uploads\\\/sites\\\/3\\\/2025\\\/12\\\/MAISON-BLANC.png\",\"width\":762,\"height\":752,\"caption\":\"MAISON BLANC\"},{\"@type\":\"BreadcrumbList\",\"@id\":\"https:\\\/\\\/urbexmaps.com\\\/be\\\/produit\\\/maison-blanc#breadcrumb\",\"itemListElement\":[{\"@type\":\"ListItem\",\"position\":1,\"name\":\"Accueil\",\"item\":\"https:\\\/\\\/urbexmaps.com\\\/be\\\/\"},{\"@type\":\"ListItem\",\"position\":2,\"name\":\"Produits\",\"item\":\"https:\\\/\\\/urbexmaps.com\\\/be\\\/boutique\"},{\"@type\":\"ListItem\",\"position\":3,\"name\":\"MAISON BLANC\"}]},{\"@type\":\"WebSite\",\"@id\":\"https:\\\/\\\/urbexmaps.com\\\/be\\\/#website\",\"url\":\"https:\\\/\\\/urbexmaps.com\\\/be\\\/\",\"name\":\"Urbex Belgique\",\"description\":\"\",\"publisher\":{\"@id\":\"https:\\\/\\\/urbexmaps.com\\\/be\\\/#organization\"},\"potentialAction\":[{\"@type\":\"SearchAction\",\"target\":{\"@type\":\"EntryPoint\",\"urlTemplate\":\"https:\\\/\\\/urbexmaps.com\\\/be\\\/?s={search_term_string}\"},\"query-input\":{\"@type\":\"PropertyValueSpecification\",\"valueRequired\":true,\"valueName\":\"search_term_string\"}}],\"inLanguage\":\"fr-BE\"},{\"@type\":\"Organization\",\"@id\":\"https:\\\/\\\/urbexmaps.com\\\/be\\\/#organization\",\"name\":\"Urbex Belgique\",\"url\":\"https:\\\/\\\/urbexmaps.com\\\/be\\\/\",\"logo\":{\"@type\":\"ImageObject\",\"inLanguage\":\"fr-BE\",\"@id\":\"https:\\\/\\\/urbexmaps.com\\\/be\\\/#\\\/schema\\\/logo\\\/image\\\/\",\"url\":\"https:\\\/\\\/urbexmaps.com\\\/be-fr\\\/wp-content\\\/uploads\\\/sites\\\/3\\\/2025\\\/11\\\/cropped-LOGO-ONG-1.png\",\"contentUrl\":\"https:\\\/\\\/urbexmaps.com\\\/be-fr\\\/wp-content\\\/uploads\\\/sites\\\/3\\\/2025\\\/11\\\/cropped-LOGO-ONG-1.png\",\"width\":80,\"height\":80,\"caption\":\"Urbex Belgique\"},\"image\":{\"@id\":\"https:\\\/\\\/urbexmaps.com\\\/be\\\/#\\\/schema\\\/logo\\\/image\\\/\"}}]}<\/script>\n<!-- \/ Yoast SEO plugin. -->","yoast_head_json":{"title":"MAISON BLANC : La localisation GPS","description":"MAISON BLANC est un lieu abandonn\u00e9 d'urbex situ\u00e9 dans la r\u00e9gion FLANDRE. D\u00e9couvrez les coordonn\u00e9es GPS, r\u00e9ception imm\u00e9diate \u26a1","robots":{"index":"index","follow":"follow","max-snippet":"max-snippet:-1","max-image-preview":"max-image-preview:large","max-video-preview":"max-video-preview:-1"},"canonical":"https:\/\/urbexmaps.com\/be\/produit\/maison-blanc","og_locale":"fr_FR","og_type":"article","og_title":"MAISON BLANC : La localisation GPS","og_description":"MAISON BLANC est un lieu abandonn\u00e9 d'urbex situ\u00e9 dans la r\u00e9gion FLANDRE. D\u00e9couvrez les coordonn\u00e9es GPS, r\u00e9ception imm\u00e9diate \u26a1","og_url":"https:\/\/urbexmaps.com\/be\/produit\/maison-blanc","og_site_name":"Urbexmaps BE","article_modified_time":"2025-12-27T13:56:22+00:00","og_image":[{"width":762,"height":752,"url":"https:\/\/urbexmaps.com\/be\/wp-content\/uploads\/sites\/3\/2025\/12\/MAISON-BLANC.png","type":"image\/png"}],"twitter_card":"summary_large_image","twitter_misc":{"Dur\u00e9e de lecture estim\u00e9e":"2 minutes"},"schema":{"@context":"https:\/\/schema.org","@graph":[{"@type":"WebPage","@id":"https:\/\/urbexmaps.com\/be\/produit\/maison-blanc","url":"https:\/\/urbexmaps.com\/be\/produit\/maison-blanc","name":"MAISON BLANC : La localisation GPS","isPartOf":{"@id":"https:\/\/urbexmaps.com\/be\/#website"},"primaryImageOfPage":{"@id":"https:\/\/urbexmaps.com\/be\/produit\/maison-blanc#primaryimage"},"image":{"@id":"https:\/\/urbexmaps.com\/be\/produit\/maison-blanc#primaryimage"},"thumbnailUrl":"https:\/\/urbexmaps.com\/be\/wp-content\/uploads\/sites\/3\/2025\/12\/MAISON-BLANC.png","datePublished":"2025-12-05T16:58:49+00:00","dateModified":"2025-12-27T13:56:22+00:00","description":"MAISON BLANC est un lieu abandonn\u00e9 d'urbex situ\u00e9 dans la r\u00e9gion FLANDRE. D\u00e9couvrez les coordonn\u00e9es GPS, r\u00e9ception imm\u00e9diate \u26a1","breadcrumb":{"@id":"https:\/\/urbexmaps.com\/be\/produit\/maison-blanc#breadcrumb"},"inLanguage":"fr-BE","potentialAction":[{"@type":"ReadAction","target":["https:\/\/urbexmaps.com\/be\/produit\/maison-blanc"]}]},{"@type":"ImageObject","inLanguage":"fr-BE","@id":"https:\/\/urbexmaps.com\/be\/produit\/maison-blanc#primaryimage","url":"https:\/\/urbexmaps.com\/be\/wp-content\/uploads\/sites\/3\/2025\/12\/MAISON-BLANC.png","contentUrl":"https:\/\/urbexmaps.com\/be\/wp-content\/uploads\/sites\/3\/2025\/12\/MAISON-BLANC.png","width":762,"height":752,"caption":"MAISON BLANC"},{"@type":"BreadcrumbList","@id":"https:\/\/urbexmaps.com\/be\/produit\/maison-blanc#breadcrumb","itemListElement":[{"@type":"ListItem","position":1,"name":"Accueil","item":"https:\/\/urbexmaps.com\/be\/"},{"@type":"ListItem","position":2,"name":"Produits","item":"https:\/\/urbexmaps.com\/be\/boutique"},{"@type":"ListItem","position":3,"name":"MAISON BLANC"}]},{"@type":"WebSite","@id":"https:\/\/urbexmaps.com\/be\/#website","url":"https:\/\/urbexmaps.com\/be\/","name":"Urbex Belgique","description":"","publisher":{"@id":"https:\/\/urbexmaps.com\/be\/#organization"},"potentialAction":[{"@type":"SearchAction","target":{"@type":"EntryPoint","urlTemplate":"https:\/\/urbexmaps.com\/be\/?s={search_term_string}"},"query-input":{"@type":"PropertyValueSpecification","valueRequired":true,"valueName":"search_term_string"}}],"inLanguage":"fr-BE"},{"@type":"Organization","@id":"https:\/\/urbexmaps.com\/be\/#organization","name":"Urbex Belgique","url":"https:\/\/urbexmaps.com\/be\/","logo":{"@type":"ImageObject","inLanguage":"fr-BE","@id":"https:\/\/urbexmaps.com\/be\/#\/schema\/logo\/image\/","url":"https:\/\/urbexmaps.com\/be-fr\/wp-content\/uploads\/sites\/3\/2025\/11\/cropped-LOGO-ONG-1.png","contentUrl":"https:\/\/urbexmaps.com\/be-fr\/wp-content\/uploads\/sites\/3\/2025\/11\/cropped-LOGO-ONG-1.png","width":80,"height":80,"caption":"Urbex Belgique"},"image":{"@id":"https:\/\/urbexmaps.com\/be\/#\/schema\/logo\/image\/"}}]}},"_links":{"self":[{"href":"https:\/\/urbexmaps.com\/be\/wp-json\/wp\/v2\/product\/249","targetHints":{"allow":["GET"]}}],"collection":[{"href":"https:\/\/urbexmaps.com\/be\/wp-json\/wp\/v2\/product"}],"about":[{"href":"https:\/\/urbexmaps.com\/be\/wp-json\/wp\/v2\/types\/product"}],"replies":[{"embeddable":true,"href":"https:\/\/urbexmaps.com\/be\/wp-json\/wp\/v2\/comments?post=249"}],"wp:featuredmedia":[{"embeddable":true,"href":"https:\/\/urbexmaps.com\/be\/wp-json\/wp\/v2\/media\/330"}],"wp:attachment":[{"href":"https:\/\/urbexmaps.com\/be\/wp-json\/wp\/v2\/media?parent=249"}],"wp:term":[{"taxonomy":"product_brand","embeddable":true,"href":"https:\/\/urbexmaps.com\/be\/wp-json\/wp\/v2\/product_brand?post=249"},{"taxonomy":"product_cat","embeddable":true,"href":"https:\/\/urbexmaps.com\/be\/wp-json\/wp\/v2\/product_cat?post=249"},{"taxonomy":"product_tag","embeddable":true,"href":"https:\/\/urbexmaps.com\/be\/wp-json\/wp\/v2\/product_tag?post=249"}],"curies":[{"name":"wp","href":"https:\/\/api.w.org\/{rel}","templated":true}]}}