{"id":254,"date":"2025-12-05T17:58:52","date_gmt":"2025-12-05T16:58:52","guid":{"rendered":"https:\/\/urbexmaps.com\/be\/?post_type=product&#038;p=254"},"modified":"2025-12-27T14:55:28","modified_gmt":"2025-12-27T13:55:28","slug":"maison-m","status":"publish","type":"product","link":"https:\/\/urbexmaps.com\/be\/produit\/maison-m","title":{"rendered":"MAISON M"},"content":{"rendered":"<p>Le lieu nomm\u00e9 MAISON M est un lieu abandonn\u00e9 de la r\u00e9gion Flandre. C&rsquo;est un lieu qui peut attirer les adeptes de l&rsquo;urbex en qu\u00eate d&rsquo;aventure et de d\u00e9couverte mais aussi les photographes \u00e0 la recherche de lieux d\u00e9saffect\u00e9s hors du temps.<\/p>\n<p>Bien que les d\u00e9tails sp\u00e9cifiques de l&rsquo;int\u00e9rieur et l&rsquo;histoire de la Maison M soient souvent partag\u00e9s au sein de la communaut\u00e9 urbex pour pr\u00e9server le lieu, elle est reconnue pour son \u00e9tat de d\u00e9labrement qui captive l&rsquo;\u0153il, offrant des sc\u00e8nes o\u00f9 la nature et le temps ont repris leurs droits.<\/p>\n","protected":false},"excerpt":{"rendered":"<p>Le lieu nomm\u00e9 MAISON M est un lieu abandonn\u00e9 de la r\u00e9gion Flandre. C&rsquo;est un lieu qui peut attirer les adeptes de l&rsquo;urbex en qu\u00eate d&rsquo;aventure et de d\u00e9couverte mais aussi les photographes \u00e0 la recherche de lieux d\u00e9saffect\u00e9s hors du temps. Bien que les d\u00e9tails sp\u00e9cifiques de l&rsquo;int\u00e9rieur et l&rsquo;histoire de la Maison M [&hellip;]<\/p>\n","protected":false},"featured_media":0,"comment_status":"open","ping_status":"closed","template":"","meta":{"_et_pb_use_builder":"","_et_pb_old_content":"","_et_gb_content_width":""},"product_brand":[],"product_cat":[19],"product_tag":[],"class_list":{"0":"post-254","1":"product","2":"type-product","3":"status-publish","5":"product_cat-top-lieux-urbex-belgique","7":"first","8":"instock","9":"virtual","10":"purchasable","11":"product-type-simple"},"yoast_head":"<!-- This site is optimized with the Yoast SEO plugin v27.5 - https:\/\/yoast.com\/product\/yoast-seo-wordpress\/ -->\n<title>MAISON M : La localisation GPS<\/title>\n<meta name=\"description\" content=\"MAISON M est un lieu abandonn\u00e9 d&#039;urbex situ\u00e9 dans la r\u00e9gion FLANDRE. D\u00e9couvrez les coordonn\u00e9es GPS, r\u00e9ception imm\u00e9diate \u26a1\" \/>\n<meta name=\"robots\" content=\"index, follow, max-snippet:-1, max-image-preview:large, max-video-preview:-1\" \/>\n<link rel=\"canonical\" href=\"https:\/\/urbexmaps.com\/be\/produit\/maison-m\" \/>\n<meta property=\"og:locale\" content=\"fr_FR\" \/>\n<meta property=\"og:type\" content=\"article\" \/>\n<meta property=\"og:title\" content=\"MAISON M : La localisation GPS\" \/>\n<meta property=\"og:description\" content=\"MAISON M est un lieu abandonn\u00e9 d&#039;urbex situ\u00e9 dans la r\u00e9gion FLANDRE. D\u00e9couvrez les coordonn\u00e9es GPS, r\u00e9ception imm\u00e9diate \u26a1\" \/>\n<meta property=\"og:url\" content=\"https:\/\/urbexmaps.com\/be\/produit\/maison-m\" \/>\n<meta property=\"og:site_name\" content=\"Urbexmaps BE\" \/>\n<meta property=\"article:modified_time\" content=\"2025-12-27T13:55:28+00:00\" \/>\n<meta name=\"twitter:card\" content=\"summary_large_image\" \/>\n<meta name=\"twitter:label1\" content=\"Dur\u00e9e de lecture estim\u00e9e\" \/>\n\t<meta name=\"twitter:data1\" content=\"1 minute\" \/>\n<script type=\"application\/ld+json\" class=\"yoast-schema-graph\">{\"@context\":\"https:\\\/\\\/schema.org\",\"@graph\":[{\"@type\":\"WebPage\",\"@id\":\"https:\\\/\\\/urbexmaps.com\\\/be\\\/produit\\\/maison-m\",\"url\":\"https:\\\/\\\/urbexmaps.com\\\/be\\\/produit\\\/maison-m\",\"name\":\"MAISON M : La localisation GPS\",\"isPartOf\":{\"@id\":\"https:\\\/\\\/urbexmaps.com\\\/be\\\/#website\"},\"datePublished\":\"2025-12-05T16:58:52+00:00\",\"dateModified\":\"2025-12-27T13:55:28+00:00\",\"description\":\"MAISON M est un lieu abandonn\u00e9 d'urbex situ\u00e9 dans la r\u00e9gion FLANDRE. D\u00e9couvrez les coordonn\u00e9es GPS, r\u00e9ception imm\u00e9diate \u26a1\",\"breadcrumb\":{\"@id\":\"https:\\\/\\\/urbexmaps.com\\\/be\\\/produit\\\/maison-m#breadcrumb\"},\"inLanguage\":\"fr-BE\",\"potentialAction\":[{\"@type\":\"ReadAction\",\"target\":[\"https:\\\/\\\/urbexmaps.com\\\/be\\\/produit\\\/maison-m\"]}]},{\"@type\":\"BreadcrumbList\",\"@id\":\"https:\\\/\\\/urbexmaps.com\\\/be\\\/produit\\\/maison-m#breadcrumb\",\"itemListElement\":[{\"@type\":\"ListItem\",\"position\":1,\"name\":\"Accueil\",\"item\":\"https:\\\/\\\/urbexmaps.com\\\/be\\\/\"},{\"@type\":\"ListItem\",\"position\":2,\"name\":\"Produits\",\"item\":\"https:\\\/\\\/urbexmaps.com\\\/be\\\/boutique\"},{\"@type\":\"ListItem\",\"position\":3,\"name\":\"MAISON M\"}]},{\"@type\":\"WebSite\",\"@id\":\"https:\\\/\\\/urbexmaps.com\\\/be\\\/#website\",\"url\":\"https:\\\/\\\/urbexmaps.com\\\/be\\\/\",\"name\":\"Urbex Belgique\",\"description\":\"\",\"publisher\":{\"@id\":\"https:\\\/\\\/urbexmaps.com\\\/be\\\/#organization\"},\"potentialAction\":[{\"@type\":\"SearchAction\",\"target\":{\"@type\":\"EntryPoint\",\"urlTemplate\":\"https:\\\/\\\/urbexmaps.com\\\/be\\\/?s={search_term_string}\"},\"query-input\":{\"@type\":\"PropertyValueSpecification\",\"valueRequired\":true,\"valueName\":\"search_term_string\"}}],\"inLanguage\":\"fr-BE\"},{\"@type\":\"Organization\",\"@id\":\"https:\\\/\\\/urbexmaps.com\\\/be\\\/#organization\",\"name\":\"Urbex Belgique\",\"url\":\"https:\\\/\\\/urbexmaps.com\\\/be\\\/\",\"logo\":{\"@type\":\"ImageObject\",\"inLanguage\":\"fr-BE\",\"@id\":\"https:\\\/\\\/urbexmaps.com\\\/be\\\/#\\\/schema\\\/logo\\\/image\\\/\",\"url\":\"https:\\\/\\\/urbexmaps.com\\\/be-fr\\\/wp-content\\\/uploads\\\/sites\\\/3\\\/2025\\\/11\\\/cropped-LOGO-ONG-1.png\",\"contentUrl\":\"https:\\\/\\\/urbexmaps.com\\\/be-fr\\\/wp-content\\\/uploads\\\/sites\\\/3\\\/2025\\\/11\\\/cropped-LOGO-ONG-1.png\",\"width\":80,\"height\":80,\"caption\":\"Urbex Belgique\"},\"image\":{\"@id\":\"https:\\\/\\\/urbexmaps.com\\\/be\\\/#\\\/schema\\\/logo\\\/image\\\/\"}}]}<\/script>\n<!-- \/ Yoast SEO plugin. -->","yoast_head_json":{"title":"MAISON M : La localisation GPS","description":"MAISON M est un lieu abandonn\u00e9 d'urbex situ\u00e9 dans la r\u00e9gion FLANDRE. D\u00e9couvrez les coordonn\u00e9es GPS, r\u00e9ception imm\u00e9diate \u26a1","robots":{"index":"index","follow":"follow","max-snippet":"max-snippet:-1","max-image-preview":"max-image-preview:large","max-video-preview":"max-video-preview:-1"},"canonical":"https:\/\/urbexmaps.com\/be\/produit\/maison-m","og_locale":"fr_FR","og_type":"article","og_title":"MAISON M : La localisation GPS","og_description":"MAISON M est un lieu abandonn\u00e9 d'urbex situ\u00e9 dans la r\u00e9gion FLANDRE. D\u00e9couvrez les coordonn\u00e9es GPS, r\u00e9ception imm\u00e9diate \u26a1","og_url":"https:\/\/urbexmaps.com\/be\/produit\/maison-m","og_site_name":"Urbexmaps BE","article_modified_time":"2025-12-27T13:55:28+00:00","twitter_card":"summary_large_image","twitter_misc":{"Dur\u00e9e de lecture estim\u00e9e":"1 minute"},"schema":{"@context":"https:\/\/schema.org","@graph":[{"@type":"WebPage","@id":"https:\/\/urbexmaps.com\/be\/produit\/maison-m","url":"https:\/\/urbexmaps.com\/be\/produit\/maison-m","name":"MAISON M : La localisation GPS","isPartOf":{"@id":"https:\/\/urbexmaps.com\/be\/#website"},"datePublished":"2025-12-05T16:58:52+00:00","dateModified":"2025-12-27T13:55:28+00:00","description":"MAISON M est un lieu abandonn\u00e9 d'urbex situ\u00e9 dans la r\u00e9gion FLANDRE. D\u00e9couvrez les coordonn\u00e9es GPS, r\u00e9ception imm\u00e9diate \u26a1","breadcrumb":{"@id":"https:\/\/urbexmaps.com\/be\/produit\/maison-m#breadcrumb"},"inLanguage":"fr-BE","potentialAction":[{"@type":"ReadAction","target":["https:\/\/urbexmaps.com\/be\/produit\/maison-m"]}]},{"@type":"BreadcrumbList","@id":"https:\/\/urbexmaps.com\/be\/produit\/maison-m#breadcrumb","itemListElement":[{"@type":"ListItem","position":1,"name":"Accueil","item":"https:\/\/urbexmaps.com\/be\/"},{"@type":"ListItem","position":2,"name":"Produits","item":"https:\/\/urbexmaps.com\/be\/boutique"},{"@type":"ListItem","position":3,"name":"MAISON M"}]},{"@type":"WebSite","@id":"https:\/\/urbexmaps.com\/be\/#website","url":"https:\/\/urbexmaps.com\/be\/","name":"Urbex Belgique","description":"","publisher":{"@id":"https:\/\/urbexmaps.com\/be\/#organization"},"potentialAction":[{"@type":"SearchAction","target":{"@type":"EntryPoint","urlTemplate":"https:\/\/urbexmaps.com\/be\/?s={search_term_string}"},"query-input":{"@type":"PropertyValueSpecification","valueRequired":true,"valueName":"search_term_string"}}],"inLanguage":"fr-BE"},{"@type":"Organization","@id":"https:\/\/urbexmaps.com\/be\/#organization","name":"Urbex Belgique","url":"https:\/\/urbexmaps.com\/be\/","logo":{"@type":"ImageObject","inLanguage":"fr-BE","@id":"https:\/\/urbexmaps.com\/be\/#\/schema\/logo\/image\/","url":"https:\/\/urbexmaps.com\/be-fr\/wp-content\/uploads\/sites\/3\/2025\/11\/cropped-LOGO-ONG-1.png","contentUrl":"https:\/\/urbexmaps.com\/be-fr\/wp-content\/uploads\/sites\/3\/2025\/11\/cropped-LOGO-ONG-1.png","width":80,"height":80,"caption":"Urbex Belgique"},"image":{"@id":"https:\/\/urbexmaps.com\/be\/#\/schema\/logo\/image\/"}}]}},"_links":{"self":[{"href":"https:\/\/urbexmaps.com\/be\/wp-json\/wp\/v2\/product\/254","targetHints":{"allow":["GET"]}}],"collection":[{"href":"https:\/\/urbexmaps.com\/be\/wp-json\/wp\/v2\/product"}],"about":[{"href":"https:\/\/urbexmaps.com\/be\/wp-json\/wp\/v2\/types\/product"}],"replies":[{"embeddable":true,"href":"https:\/\/urbexmaps.com\/be\/wp-json\/wp\/v2\/comments?post=254"}],"wp:attachment":[{"href":"https:\/\/urbexmaps.com\/be\/wp-json\/wp\/v2\/media?parent=254"}],"wp:term":[{"taxonomy":"product_brand","embeddable":true,"href":"https:\/\/urbexmaps.com\/be\/wp-json\/wp\/v2\/product_brand?post=254"},{"taxonomy":"product_cat","embeddable":true,"href":"https:\/\/urbexmaps.com\/be\/wp-json\/wp\/v2\/product_cat?post=254"},{"taxonomy":"product_tag","embeddable":true,"href":"https:\/\/urbexmaps.com\/be\/wp-json\/wp\/v2\/product_tag?post=254"}],"curies":[{"name":"wp","href":"https:\/\/api.w.org\/{rel}","templated":true}]}}