{"id":257,"date":"2025-12-05T17:58:53","date_gmt":"2025-12-05T16:58:53","guid":{"rendered":"https:\/\/urbexmaps.com\/be\/?post_type=product&#038;p=257"},"modified":"2025-12-27T14:55:00","modified_gmt":"2025-12-27T13:55:00","slug":"villa-versace","status":"publish","type":"product","link":"https:\/\/urbexmaps.com\/be\/produit\/villa-versace","title":{"rendered":"VILLA VERSACE"},"content":{"rendered":"<p>Le lieu nomm\u00e9 VILLA VERSACE est un lieu abandonn\u00e9 de la r\u00e9gion Flandre. C&rsquo;est un lieu qui peut attirer les adeptes de l&rsquo;urbex en qu\u00eate d&rsquo;aventure et de d\u00e9couverte mais aussi les photographes \u00e0 la recherche de lieux d\u00e9saffect\u00e9s hors du temps.<\/p>\n<p>\u00c0 l&rsquo;int\u00e9rieur, on pouvait observer des pi\u00e8ces ravag\u00e9es par les d\u00e9g\u00e2ts des eaux et les d\u00e9bris, avec des sols et plafonds instables. Parmi les \u00e9l\u00e9ments notables figuraient une grande salle avec un plafond en d\u00f4me (peut-\u00eatre une chapelle) contenant des bancs, une chaire endommag\u00e9e et des fragments de vitraux, ainsi qu&rsquo;une autre pi\u00e8ce abritant un orgue \u00e0 tuyaux fortement d\u00e9t\u00e9rior\u00e9. Les chambres pr\u00e9sentaient des lits blancs, des colonnes dor\u00e9es, des murs miroirs et des moulures d\u00e9coratives, tandis qu&rsquo;une salle de bain arborait un jacuzzi, des mosa\u00efques et des accessoires chrom\u00e9s. Les terrains sont souvent envahis par la v\u00e9g\u00e9tation.<\/p>\n","protected":false},"excerpt":{"rendered":"<p>Le lieu nomm\u00e9 VILLA VERSACE est un lieu abandonn\u00e9 de la r\u00e9gion Flandre. C&rsquo;est un lieu qui peut attirer les adeptes de l&rsquo;urbex en qu\u00eate d&rsquo;aventure et de d\u00e9couverte mais aussi les photographes \u00e0 la recherche de lieux d\u00e9saffect\u00e9s hors du temps. \u00c0 l&rsquo;int\u00e9rieur, on pouvait observer des pi\u00e8ces ravag\u00e9es par les d\u00e9g\u00e2ts des eaux [&hellip;]<\/p>\n","protected":false},"featured_media":346,"comment_status":"open","ping_status":"closed","template":"","meta":{"_et_pb_use_builder":"","_et_pb_old_content":"","_et_gb_content_width":""},"product_brand":[],"product_cat":[19],"product_tag":[],"class_list":{"0":"post-257","1":"product","2":"type-product","3":"status-publish","4":"has-post-thumbnail","6":"product_cat-top-lieux-urbex-belgique","8":"first","9":"instock","10":"virtual","11":"purchasable","12":"product-type-simple"},"yoast_head":"<!-- This site is optimized with the Yoast SEO plugin v27.6 - https:\/\/yoast.com\/product\/yoast-seo-wordpress\/ -->\n<title>VILLA VERSACE : La localisation GPS<\/title>\n<meta name=\"description\" content=\"VILLA VERSACE est un lieu abandonn\u00e9 d&#039;urbex situ\u00e9 dans la r\u00e9gion FLANDRE. D\u00e9couvrez les coordonn\u00e9es GPS, r\u00e9ception imm\u00e9diate \u26a1\" \/>\n<meta name=\"robots\" content=\"index, follow, max-snippet:-1, max-image-preview:large, max-video-preview:-1\" \/>\n<link rel=\"canonical\" href=\"https:\/\/urbexmaps.com\/be\/produit\/villa-versace\" \/>\n<meta property=\"og:locale\" content=\"fr_FR\" \/>\n<meta property=\"og:type\" content=\"article\" \/>\n<meta property=\"og:title\" content=\"VILLA VERSACE : La localisation GPS\" \/>\n<meta property=\"og:description\" content=\"VILLA VERSACE est un lieu abandonn\u00e9 d&#039;urbex situ\u00e9 dans la r\u00e9gion FLANDRE. D\u00e9couvrez les coordonn\u00e9es GPS, r\u00e9ception imm\u00e9diate \u26a1\" \/>\n<meta property=\"og:url\" content=\"https:\/\/urbexmaps.com\/be\/produit\/villa-versace\" \/>\n<meta property=\"og:site_name\" content=\"Urbexmaps BE\" \/>\n<meta property=\"article:modified_time\" content=\"2025-12-27T13:55:00+00:00\" \/>\n<meta property=\"og:image\" content=\"https:\/\/urbexmaps.com\/be\/wp-content\/uploads\/sites\/3\/2025\/12\/VILLA-VERSACE.png\" \/>\n\t<meta property=\"og:image:width\" content=\"840\" \/>\n\t<meta property=\"og:image:height\" content=\"756\" \/>\n\t<meta property=\"og:image:type\" content=\"image\/png\" \/>\n<meta name=\"twitter:card\" content=\"summary_large_image\" \/>\n<meta name=\"twitter:label1\" content=\"Dur\u00e9e de lecture estim\u00e9e\" \/>\n\t<meta name=\"twitter:data1\" content=\"1 minute\" \/>\n<script type=\"application\/ld+json\" class=\"yoast-schema-graph\">{\"@context\":\"https:\\\/\\\/schema.org\",\"@graph\":[{\"@type\":\"WebPage\",\"@id\":\"https:\\\/\\\/urbexmaps.com\\\/be\\\/produit\\\/villa-versace\",\"url\":\"https:\\\/\\\/urbexmaps.com\\\/be\\\/produit\\\/villa-versace\",\"name\":\"VILLA VERSACE : La localisation GPS\",\"isPartOf\":{\"@id\":\"https:\\\/\\\/urbexmaps.com\\\/be\\\/#website\"},\"primaryImageOfPage\":{\"@id\":\"https:\\\/\\\/urbexmaps.com\\\/be\\\/produit\\\/villa-versace#primaryimage\"},\"image\":{\"@id\":\"https:\\\/\\\/urbexmaps.com\\\/be\\\/produit\\\/villa-versace#primaryimage\"},\"thumbnailUrl\":\"https:\\\/\\\/urbexmaps.com\\\/be\\\/wp-content\\\/uploads\\\/sites\\\/3\\\/2025\\\/12\\\/VILLA-VERSACE.png\",\"datePublished\":\"2025-12-05T16:58:53+00:00\",\"dateModified\":\"2025-12-27T13:55:00+00:00\",\"description\":\"VILLA VERSACE est un lieu abandonn\u00e9 d'urbex situ\u00e9 dans la r\u00e9gion FLANDRE. D\u00e9couvrez les coordonn\u00e9es GPS, r\u00e9ception imm\u00e9diate \u26a1\",\"breadcrumb\":{\"@id\":\"https:\\\/\\\/urbexmaps.com\\\/be\\\/produit\\\/villa-versace#breadcrumb\"},\"inLanguage\":\"fr-BE\",\"potentialAction\":[{\"@type\":\"ReadAction\",\"target\":[\"https:\\\/\\\/urbexmaps.com\\\/be\\\/produit\\\/villa-versace\"]}]},{\"@type\":\"ImageObject\",\"inLanguage\":\"fr-BE\",\"@id\":\"https:\\\/\\\/urbexmaps.com\\\/be\\\/produit\\\/villa-versace#primaryimage\",\"url\":\"https:\\\/\\\/urbexmaps.com\\\/be\\\/wp-content\\\/uploads\\\/sites\\\/3\\\/2025\\\/12\\\/VILLA-VERSACE.png\",\"contentUrl\":\"https:\\\/\\\/urbexmaps.com\\\/be\\\/wp-content\\\/uploads\\\/sites\\\/3\\\/2025\\\/12\\\/VILLA-VERSACE.png\",\"width\":840,\"height\":756,\"caption\":\"VILLA VERSACE\"},{\"@type\":\"BreadcrumbList\",\"@id\":\"https:\\\/\\\/urbexmaps.com\\\/be\\\/produit\\\/villa-versace#breadcrumb\",\"itemListElement\":[{\"@type\":\"ListItem\",\"position\":1,\"name\":\"Accueil\",\"item\":\"https:\\\/\\\/urbexmaps.com\\\/be\\\/\"},{\"@type\":\"ListItem\",\"position\":2,\"name\":\"Produits\",\"item\":\"https:\\\/\\\/urbexmaps.com\\\/be\\\/boutique\"},{\"@type\":\"ListItem\",\"position\":3,\"name\":\"VILLA VERSACE\"}]},{\"@type\":\"WebSite\",\"@id\":\"https:\\\/\\\/urbexmaps.com\\\/be\\\/#website\",\"url\":\"https:\\\/\\\/urbexmaps.com\\\/be\\\/\",\"name\":\"Urbex Belgique\",\"description\":\"\",\"publisher\":{\"@id\":\"https:\\\/\\\/urbexmaps.com\\\/be\\\/#organization\"},\"potentialAction\":[{\"@type\":\"SearchAction\",\"target\":{\"@type\":\"EntryPoint\",\"urlTemplate\":\"https:\\\/\\\/urbexmaps.com\\\/be\\\/?s={search_term_string}\"},\"query-input\":{\"@type\":\"PropertyValueSpecification\",\"valueRequired\":true,\"valueName\":\"search_term_string\"}}],\"inLanguage\":\"fr-BE\"},{\"@type\":\"Organization\",\"@id\":\"https:\\\/\\\/urbexmaps.com\\\/be\\\/#organization\",\"name\":\"Urbex Belgique\",\"url\":\"https:\\\/\\\/urbexmaps.com\\\/be\\\/\",\"logo\":{\"@type\":\"ImageObject\",\"inLanguage\":\"fr-BE\",\"@id\":\"https:\\\/\\\/urbexmaps.com\\\/be\\\/#\\\/schema\\\/logo\\\/image\\\/\",\"url\":\"https:\\\/\\\/urbexmaps.com\\\/be-fr\\\/wp-content\\\/uploads\\\/sites\\\/3\\\/2025\\\/11\\\/cropped-LOGO-ONG-1.png\",\"contentUrl\":\"https:\\\/\\\/urbexmaps.com\\\/be-fr\\\/wp-content\\\/uploads\\\/sites\\\/3\\\/2025\\\/11\\\/cropped-LOGO-ONG-1.png\",\"width\":80,\"height\":80,\"caption\":\"Urbex Belgique\"},\"image\":{\"@id\":\"https:\\\/\\\/urbexmaps.com\\\/be\\\/#\\\/schema\\\/logo\\\/image\\\/\"}}]}<\/script>\n<!-- \/ Yoast SEO plugin. -->","yoast_head_json":{"title":"VILLA VERSACE : La localisation GPS","description":"VILLA VERSACE est un lieu abandonn\u00e9 d'urbex situ\u00e9 dans la r\u00e9gion FLANDRE. D\u00e9couvrez les coordonn\u00e9es GPS, r\u00e9ception imm\u00e9diate \u26a1","robots":{"index":"index","follow":"follow","max-snippet":"max-snippet:-1","max-image-preview":"max-image-preview:large","max-video-preview":"max-video-preview:-1"},"canonical":"https:\/\/urbexmaps.com\/be\/produit\/villa-versace","og_locale":"fr_FR","og_type":"article","og_title":"VILLA VERSACE : La localisation GPS","og_description":"VILLA VERSACE est un lieu abandonn\u00e9 d'urbex situ\u00e9 dans la r\u00e9gion FLANDRE. D\u00e9couvrez les coordonn\u00e9es GPS, r\u00e9ception imm\u00e9diate \u26a1","og_url":"https:\/\/urbexmaps.com\/be\/produit\/villa-versace","og_site_name":"Urbexmaps BE","article_modified_time":"2025-12-27T13:55:00+00:00","og_image":[{"width":840,"height":756,"url":"https:\/\/urbexmaps.com\/be\/wp-content\/uploads\/sites\/3\/2025\/12\/VILLA-VERSACE.png","type":"image\/png"}],"twitter_card":"summary_large_image","twitter_misc":{"Dur\u00e9e de lecture estim\u00e9e":"1 minute"},"schema":{"@context":"https:\/\/schema.org","@graph":[{"@type":"WebPage","@id":"https:\/\/urbexmaps.com\/be\/produit\/villa-versace","url":"https:\/\/urbexmaps.com\/be\/produit\/villa-versace","name":"VILLA VERSACE : La localisation GPS","isPartOf":{"@id":"https:\/\/urbexmaps.com\/be\/#website"},"primaryImageOfPage":{"@id":"https:\/\/urbexmaps.com\/be\/produit\/villa-versace#primaryimage"},"image":{"@id":"https:\/\/urbexmaps.com\/be\/produit\/villa-versace#primaryimage"},"thumbnailUrl":"https:\/\/urbexmaps.com\/be\/wp-content\/uploads\/sites\/3\/2025\/12\/VILLA-VERSACE.png","datePublished":"2025-12-05T16:58:53+00:00","dateModified":"2025-12-27T13:55:00+00:00","description":"VILLA VERSACE est un lieu abandonn\u00e9 d'urbex situ\u00e9 dans la r\u00e9gion FLANDRE. D\u00e9couvrez les coordonn\u00e9es GPS, r\u00e9ception imm\u00e9diate \u26a1","breadcrumb":{"@id":"https:\/\/urbexmaps.com\/be\/produit\/villa-versace#breadcrumb"},"inLanguage":"fr-BE","potentialAction":[{"@type":"ReadAction","target":["https:\/\/urbexmaps.com\/be\/produit\/villa-versace"]}]},{"@type":"ImageObject","inLanguage":"fr-BE","@id":"https:\/\/urbexmaps.com\/be\/produit\/villa-versace#primaryimage","url":"https:\/\/urbexmaps.com\/be\/wp-content\/uploads\/sites\/3\/2025\/12\/VILLA-VERSACE.png","contentUrl":"https:\/\/urbexmaps.com\/be\/wp-content\/uploads\/sites\/3\/2025\/12\/VILLA-VERSACE.png","width":840,"height":756,"caption":"VILLA VERSACE"},{"@type":"BreadcrumbList","@id":"https:\/\/urbexmaps.com\/be\/produit\/villa-versace#breadcrumb","itemListElement":[{"@type":"ListItem","position":1,"name":"Accueil","item":"https:\/\/urbexmaps.com\/be\/"},{"@type":"ListItem","position":2,"name":"Produits","item":"https:\/\/urbexmaps.com\/be\/boutique"},{"@type":"ListItem","position":3,"name":"VILLA VERSACE"}]},{"@type":"WebSite","@id":"https:\/\/urbexmaps.com\/be\/#website","url":"https:\/\/urbexmaps.com\/be\/","name":"Urbex Belgique","description":"","publisher":{"@id":"https:\/\/urbexmaps.com\/be\/#organization"},"potentialAction":[{"@type":"SearchAction","target":{"@type":"EntryPoint","urlTemplate":"https:\/\/urbexmaps.com\/be\/?s={search_term_string}"},"query-input":{"@type":"PropertyValueSpecification","valueRequired":true,"valueName":"search_term_string"}}],"inLanguage":"fr-BE"},{"@type":"Organization","@id":"https:\/\/urbexmaps.com\/be\/#organization","name":"Urbex Belgique","url":"https:\/\/urbexmaps.com\/be\/","logo":{"@type":"ImageObject","inLanguage":"fr-BE","@id":"https:\/\/urbexmaps.com\/be\/#\/schema\/logo\/image\/","url":"https:\/\/urbexmaps.com\/be-fr\/wp-content\/uploads\/sites\/3\/2025\/11\/cropped-LOGO-ONG-1.png","contentUrl":"https:\/\/urbexmaps.com\/be-fr\/wp-content\/uploads\/sites\/3\/2025\/11\/cropped-LOGO-ONG-1.png","width":80,"height":80,"caption":"Urbex Belgique"},"image":{"@id":"https:\/\/urbexmaps.com\/be\/#\/schema\/logo\/image\/"}}]}},"_links":{"self":[{"href":"https:\/\/urbexmaps.com\/be\/wp-json\/wp\/v2\/product\/257","targetHints":{"allow":["GET"]}}],"collection":[{"href":"https:\/\/urbexmaps.com\/be\/wp-json\/wp\/v2\/product"}],"about":[{"href":"https:\/\/urbexmaps.com\/be\/wp-json\/wp\/v2\/types\/product"}],"replies":[{"embeddable":true,"href":"https:\/\/urbexmaps.com\/be\/wp-json\/wp\/v2\/comments?post=257"}],"wp:featuredmedia":[{"embeddable":true,"href":"https:\/\/urbexmaps.com\/be\/wp-json\/wp\/v2\/media\/346"}],"wp:attachment":[{"href":"https:\/\/urbexmaps.com\/be\/wp-json\/wp\/v2\/media?parent=257"}],"wp:term":[{"taxonomy":"product_brand","embeddable":true,"href":"https:\/\/urbexmaps.com\/be\/wp-json\/wp\/v2\/product_brand?post=257"},{"taxonomy":"product_cat","embeddable":true,"href":"https:\/\/urbexmaps.com\/be\/wp-json\/wp\/v2\/product_cat?post=257"},{"taxonomy":"product_tag","embeddable":true,"href":"https:\/\/urbexmaps.com\/be\/wp-json\/wp\/v2\/product_tag?post=257"}],"curies":[{"name":"wp","href":"https:\/\/api.w.org\/{rel}","templated":true}]}}