{"id":267,"date":"2025-12-05T17:58:57","date_gmt":"2025-12-05T16:58:57","guid":{"rendered":"https:\/\/urbexmaps.com\/be\/?post_type=product&#038;p=267"},"modified":"2025-12-27T14:50:57","modified_gmt":"2025-12-27T13:50:57","slug":"villa-leopold","status":"publish","type":"product","link":"https:\/\/urbexmaps.com\/be\/produit\/villa-leopold","title":{"rendered":"VILLA LEOPOLD"},"content":{"rendered":"<p>Le lieu nomm\u00e9 VILLA LEOPOLD est un lieu abandonn\u00e9 de la r\u00e9gion de Wallonie. C&rsquo;est un lieu qui peut attirer les adeptes de l&rsquo;urbex en qu\u00eate d&rsquo;aventure et de d\u00e9couverte mais aussi les photographes \u00e0 la recherche de lieux d\u00e9saffect\u00e9s hors du temps.<\/p>\n<p>La VILLA LEOPOLD, parfois surnomm\u00e9e Villa Amityvile, est un lieu abandonn\u00e9 pris\u00e9 par les amateurs d&rsquo;urbex en Belgique, situ\u00e9 dans la r\u00e9gion de Wallonie, plus pr\u00e9cis\u00e9ment dans le Hainaut selon certaines sources. Comme beaucoup de lieux d&rsquo;urbex, elle attire les explorateurs et les photographes en qu\u00eate d&rsquo;aventures et de d\u00e9cors fig\u00e9s dans le temps. C&rsquo;est une propri\u00e9t\u00e9 d\u00e9saffect\u00e9e qui offre un aper\u00e7u d&rsquo;une histoire pass\u00e9e, souvent marqu\u00e9e par la d\u00e9gradation naturelle et les traces du temps. Il est important de noter que l&rsquo;urbex se pratique g\u00e9n\u00e9ralement aux risques et p\u00e9rils de l&rsquo;explorateur, et l&rsquo;acc\u00e8s \u00e0 ces lieux peut \u00eatre ill\u00e9gal ou dangereux en raison de l&rsquo;\u00e9tat des b\u00e2timents.<\/p>\n","protected":false},"excerpt":{"rendered":"<p>Le lieu nomm\u00e9 VILLA LEOPOLD est un lieu abandonn\u00e9 de la r\u00e9gion de Wallonie. C&rsquo;est un lieu qui peut attirer les adeptes de l&rsquo;urbex en qu\u00eate d&rsquo;aventure et de d\u00e9couverte mais aussi les photographes \u00e0 la recherche de lieux d\u00e9saffect\u00e9s hors du temps. La VILLA LEOPOLD, parfois surnomm\u00e9e Villa Amityvile, est un lieu abandonn\u00e9 pris\u00e9 [&hellip;]<\/p>\n","protected":false},"featured_media":344,"comment_status":"open","ping_status":"closed","template":"","meta":{"_et_pb_use_builder":"","_et_pb_old_content":"","_et_gb_content_width":""},"product_brand":[],"product_cat":[19],"product_tag":[],"class_list":{"0":"post-267","1":"product","2":"type-product","3":"status-publish","4":"has-post-thumbnail","6":"product_cat-top-lieux-urbex-belgique","8":"first","9":"instock","10":"virtual","11":"purchasable","12":"product-type-simple"},"yoast_head":"<!-- This site is optimized with the Yoast SEO plugin v27.6 - https:\/\/yoast.com\/product\/yoast-seo-wordpress\/ -->\n<title>VILLA LEOPOLD : La localisation GPS<\/title>\n<meta name=\"description\" content=\"VILLA LEOPOLD est un lieu abandonn\u00e9 d&#039;urbex situ\u00e9 dans la r\u00e9gion WALLONIE. D\u00e9couvrez les coordonn\u00e9es GPS, r\u00e9ception imm\u00e9diate \u26a1\" \/>\n<meta name=\"robots\" content=\"index, follow, max-snippet:-1, max-image-preview:large, max-video-preview:-1\" \/>\n<link rel=\"canonical\" href=\"https:\/\/urbexmaps.com\/be\/produit\/villa-leopold\" \/>\n<meta property=\"og:locale\" content=\"fr_FR\" \/>\n<meta property=\"og:type\" content=\"article\" \/>\n<meta property=\"og:title\" content=\"VILLA LEOPOLD : La localisation GPS\" \/>\n<meta property=\"og:description\" content=\"VILLA LEOPOLD est un lieu abandonn\u00e9 d&#039;urbex situ\u00e9 dans la r\u00e9gion WALLONIE. D\u00e9couvrez les coordonn\u00e9es GPS, r\u00e9ception imm\u00e9diate \u26a1\" \/>\n<meta property=\"og:url\" content=\"https:\/\/urbexmaps.com\/be\/produit\/villa-leopold\" \/>\n<meta property=\"og:site_name\" content=\"Urbexmaps BE\" \/>\n<meta property=\"article:modified_time\" content=\"2025-12-27T13:50:57+00:00\" \/>\n<meta property=\"og:image\" content=\"https:\/\/urbexmaps.com\/be\/wp-content\/uploads\/sites\/3\/2025\/12\/VILLA-LEOPOLD.png\" \/>\n\t<meta property=\"og:image:width\" content=\"626\" \/>\n\t<meta property=\"og:image:height\" content=\"562\" \/>\n\t<meta property=\"og:image:type\" content=\"image\/png\" \/>\n<meta name=\"twitter:card\" content=\"summary_large_image\" \/>\n<meta name=\"twitter:label1\" content=\"Dur\u00e9e de lecture estim\u00e9e\" \/>\n\t<meta name=\"twitter:data1\" content=\"1 minute\" \/>\n<script type=\"application\/ld+json\" class=\"yoast-schema-graph\">{\"@context\":\"https:\\\/\\\/schema.org\",\"@graph\":[{\"@type\":\"WebPage\",\"@id\":\"https:\\\/\\\/urbexmaps.com\\\/be\\\/produit\\\/villa-leopold\",\"url\":\"https:\\\/\\\/urbexmaps.com\\\/be\\\/produit\\\/villa-leopold\",\"name\":\"VILLA LEOPOLD : La localisation GPS\",\"isPartOf\":{\"@id\":\"https:\\\/\\\/urbexmaps.com\\\/be\\\/#website\"},\"primaryImageOfPage\":{\"@id\":\"https:\\\/\\\/urbexmaps.com\\\/be\\\/produit\\\/villa-leopold#primaryimage\"},\"image\":{\"@id\":\"https:\\\/\\\/urbexmaps.com\\\/be\\\/produit\\\/villa-leopold#primaryimage\"},\"thumbnailUrl\":\"https:\\\/\\\/urbexmaps.com\\\/be\\\/wp-content\\\/uploads\\\/sites\\\/3\\\/2025\\\/12\\\/VILLA-LEOPOLD.png\",\"datePublished\":\"2025-12-05T16:58:57+00:00\",\"dateModified\":\"2025-12-27T13:50:57+00:00\",\"description\":\"VILLA LEOPOLD est un lieu abandonn\u00e9 d'urbex situ\u00e9 dans la r\u00e9gion WALLONIE. D\u00e9couvrez les coordonn\u00e9es GPS, r\u00e9ception imm\u00e9diate \u26a1\",\"breadcrumb\":{\"@id\":\"https:\\\/\\\/urbexmaps.com\\\/be\\\/produit\\\/villa-leopold#breadcrumb\"},\"inLanguage\":\"fr-BE\",\"potentialAction\":[{\"@type\":\"ReadAction\",\"target\":[\"https:\\\/\\\/urbexmaps.com\\\/be\\\/produit\\\/villa-leopold\"]}]},{\"@type\":\"ImageObject\",\"inLanguage\":\"fr-BE\",\"@id\":\"https:\\\/\\\/urbexmaps.com\\\/be\\\/produit\\\/villa-leopold#primaryimage\",\"url\":\"https:\\\/\\\/urbexmaps.com\\\/be\\\/wp-content\\\/uploads\\\/sites\\\/3\\\/2025\\\/12\\\/VILLA-LEOPOLD.png\",\"contentUrl\":\"https:\\\/\\\/urbexmaps.com\\\/be\\\/wp-content\\\/uploads\\\/sites\\\/3\\\/2025\\\/12\\\/VILLA-LEOPOLD.png\",\"width\":626,\"height\":562,\"caption\":\"VILLA LEOPOLD\"},{\"@type\":\"BreadcrumbList\",\"@id\":\"https:\\\/\\\/urbexmaps.com\\\/be\\\/produit\\\/villa-leopold#breadcrumb\",\"itemListElement\":[{\"@type\":\"ListItem\",\"position\":1,\"name\":\"Accueil\",\"item\":\"https:\\\/\\\/urbexmaps.com\\\/be\\\/\"},{\"@type\":\"ListItem\",\"position\":2,\"name\":\"Produits\",\"item\":\"https:\\\/\\\/urbexmaps.com\\\/be\\\/boutique\"},{\"@type\":\"ListItem\",\"position\":3,\"name\":\"VILLA LEOPOLD\"}]},{\"@type\":\"WebSite\",\"@id\":\"https:\\\/\\\/urbexmaps.com\\\/be\\\/#website\",\"url\":\"https:\\\/\\\/urbexmaps.com\\\/be\\\/\",\"name\":\"Urbex Belgique\",\"description\":\"\",\"publisher\":{\"@id\":\"https:\\\/\\\/urbexmaps.com\\\/be\\\/#organization\"},\"potentialAction\":[{\"@type\":\"SearchAction\",\"target\":{\"@type\":\"EntryPoint\",\"urlTemplate\":\"https:\\\/\\\/urbexmaps.com\\\/be\\\/?s={search_term_string}\"},\"query-input\":{\"@type\":\"PropertyValueSpecification\",\"valueRequired\":true,\"valueName\":\"search_term_string\"}}],\"inLanguage\":\"fr-BE\"},{\"@type\":\"Organization\",\"@id\":\"https:\\\/\\\/urbexmaps.com\\\/be\\\/#organization\",\"name\":\"Urbex Belgique\",\"url\":\"https:\\\/\\\/urbexmaps.com\\\/be\\\/\",\"logo\":{\"@type\":\"ImageObject\",\"inLanguage\":\"fr-BE\",\"@id\":\"https:\\\/\\\/urbexmaps.com\\\/be\\\/#\\\/schema\\\/logo\\\/image\\\/\",\"url\":\"https:\\\/\\\/urbexmaps.com\\\/be-fr\\\/wp-content\\\/uploads\\\/sites\\\/3\\\/2025\\\/11\\\/cropped-LOGO-ONG-1.png\",\"contentUrl\":\"https:\\\/\\\/urbexmaps.com\\\/be-fr\\\/wp-content\\\/uploads\\\/sites\\\/3\\\/2025\\\/11\\\/cropped-LOGO-ONG-1.png\",\"width\":80,\"height\":80,\"caption\":\"Urbex Belgique\"},\"image\":{\"@id\":\"https:\\\/\\\/urbexmaps.com\\\/be\\\/#\\\/schema\\\/logo\\\/image\\\/\"}}]}<\/script>\n<!-- \/ Yoast SEO plugin. -->","yoast_head_json":{"title":"VILLA LEOPOLD : La localisation GPS","description":"VILLA LEOPOLD est un lieu abandonn\u00e9 d'urbex situ\u00e9 dans la r\u00e9gion WALLONIE. D\u00e9couvrez les coordonn\u00e9es GPS, r\u00e9ception imm\u00e9diate \u26a1","robots":{"index":"index","follow":"follow","max-snippet":"max-snippet:-1","max-image-preview":"max-image-preview:large","max-video-preview":"max-video-preview:-1"},"canonical":"https:\/\/urbexmaps.com\/be\/produit\/villa-leopold","og_locale":"fr_FR","og_type":"article","og_title":"VILLA LEOPOLD : La localisation GPS","og_description":"VILLA LEOPOLD est un lieu abandonn\u00e9 d'urbex situ\u00e9 dans la r\u00e9gion WALLONIE. D\u00e9couvrez les coordonn\u00e9es GPS, r\u00e9ception imm\u00e9diate \u26a1","og_url":"https:\/\/urbexmaps.com\/be\/produit\/villa-leopold","og_site_name":"Urbexmaps BE","article_modified_time":"2025-12-27T13:50:57+00:00","og_image":[{"width":626,"height":562,"url":"https:\/\/urbexmaps.com\/be\/wp-content\/uploads\/sites\/3\/2025\/12\/VILLA-LEOPOLD.png","type":"image\/png"}],"twitter_card":"summary_large_image","twitter_misc":{"Dur\u00e9e de lecture estim\u00e9e":"1 minute"},"schema":{"@context":"https:\/\/schema.org","@graph":[{"@type":"WebPage","@id":"https:\/\/urbexmaps.com\/be\/produit\/villa-leopold","url":"https:\/\/urbexmaps.com\/be\/produit\/villa-leopold","name":"VILLA LEOPOLD : La localisation GPS","isPartOf":{"@id":"https:\/\/urbexmaps.com\/be\/#website"},"primaryImageOfPage":{"@id":"https:\/\/urbexmaps.com\/be\/produit\/villa-leopold#primaryimage"},"image":{"@id":"https:\/\/urbexmaps.com\/be\/produit\/villa-leopold#primaryimage"},"thumbnailUrl":"https:\/\/urbexmaps.com\/be\/wp-content\/uploads\/sites\/3\/2025\/12\/VILLA-LEOPOLD.png","datePublished":"2025-12-05T16:58:57+00:00","dateModified":"2025-12-27T13:50:57+00:00","description":"VILLA LEOPOLD est un lieu abandonn\u00e9 d'urbex situ\u00e9 dans la r\u00e9gion WALLONIE. D\u00e9couvrez les coordonn\u00e9es GPS, r\u00e9ception imm\u00e9diate \u26a1","breadcrumb":{"@id":"https:\/\/urbexmaps.com\/be\/produit\/villa-leopold#breadcrumb"},"inLanguage":"fr-BE","potentialAction":[{"@type":"ReadAction","target":["https:\/\/urbexmaps.com\/be\/produit\/villa-leopold"]}]},{"@type":"ImageObject","inLanguage":"fr-BE","@id":"https:\/\/urbexmaps.com\/be\/produit\/villa-leopold#primaryimage","url":"https:\/\/urbexmaps.com\/be\/wp-content\/uploads\/sites\/3\/2025\/12\/VILLA-LEOPOLD.png","contentUrl":"https:\/\/urbexmaps.com\/be\/wp-content\/uploads\/sites\/3\/2025\/12\/VILLA-LEOPOLD.png","width":626,"height":562,"caption":"VILLA LEOPOLD"},{"@type":"BreadcrumbList","@id":"https:\/\/urbexmaps.com\/be\/produit\/villa-leopold#breadcrumb","itemListElement":[{"@type":"ListItem","position":1,"name":"Accueil","item":"https:\/\/urbexmaps.com\/be\/"},{"@type":"ListItem","position":2,"name":"Produits","item":"https:\/\/urbexmaps.com\/be\/boutique"},{"@type":"ListItem","position":3,"name":"VILLA LEOPOLD"}]},{"@type":"WebSite","@id":"https:\/\/urbexmaps.com\/be\/#website","url":"https:\/\/urbexmaps.com\/be\/","name":"Urbex Belgique","description":"","publisher":{"@id":"https:\/\/urbexmaps.com\/be\/#organization"},"potentialAction":[{"@type":"SearchAction","target":{"@type":"EntryPoint","urlTemplate":"https:\/\/urbexmaps.com\/be\/?s={search_term_string}"},"query-input":{"@type":"PropertyValueSpecification","valueRequired":true,"valueName":"search_term_string"}}],"inLanguage":"fr-BE"},{"@type":"Organization","@id":"https:\/\/urbexmaps.com\/be\/#organization","name":"Urbex Belgique","url":"https:\/\/urbexmaps.com\/be\/","logo":{"@type":"ImageObject","inLanguage":"fr-BE","@id":"https:\/\/urbexmaps.com\/be\/#\/schema\/logo\/image\/","url":"https:\/\/urbexmaps.com\/be-fr\/wp-content\/uploads\/sites\/3\/2025\/11\/cropped-LOGO-ONG-1.png","contentUrl":"https:\/\/urbexmaps.com\/be-fr\/wp-content\/uploads\/sites\/3\/2025\/11\/cropped-LOGO-ONG-1.png","width":80,"height":80,"caption":"Urbex Belgique"},"image":{"@id":"https:\/\/urbexmaps.com\/be\/#\/schema\/logo\/image\/"}}]}},"_links":{"self":[{"href":"https:\/\/urbexmaps.com\/be\/wp-json\/wp\/v2\/product\/267","targetHints":{"allow":["GET"]}}],"collection":[{"href":"https:\/\/urbexmaps.com\/be\/wp-json\/wp\/v2\/product"}],"about":[{"href":"https:\/\/urbexmaps.com\/be\/wp-json\/wp\/v2\/types\/product"}],"replies":[{"embeddable":true,"href":"https:\/\/urbexmaps.com\/be\/wp-json\/wp\/v2\/comments?post=267"}],"wp:featuredmedia":[{"embeddable":true,"href":"https:\/\/urbexmaps.com\/be\/wp-json\/wp\/v2\/media\/344"}],"wp:attachment":[{"href":"https:\/\/urbexmaps.com\/be\/wp-json\/wp\/v2\/media?parent=267"}],"wp:term":[{"taxonomy":"product_brand","embeddable":true,"href":"https:\/\/urbexmaps.com\/be\/wp-json\/wp\/v2\/product_brand?post=267"},{"taxonomy":"product_cat","embeddable":true,"href":"https:\/\/urbexmaps.com\/be\/wp-json\/wp\/v2\/product_cat?post=267"},{"taxonomy":"product_tag","embeddable":true,"href":"https:\/\/urbexmaps.com\/be\/wp-json\/wp\/v2\/product_tag?post=267"}],"curies":[{"name":"wp","href":"https:\/\/api.w.org\/{rel}","templated":true}]}}