{"id":76,"date":"2025-11-25T17:53:56","date_gmt":"2025-11-25T16:53:56","guid":{"rendered":"https:\/\/urbexmaps.com\/be-fr\/?post_type=product&#038;p=76"},"modified":"2026-03-04T14:58:42","modified_gmt":"2026-03-04T13:58:42","slug":"urbex-belgique","status":"publish","type":"product","link":"https:\/\/urbexmaps.com\/be\/produit\/urbex-belgique","title":{"rendered":"Urbex Belgique"},"content":{"rendered":"<p>Cette carte regroupe la cr\u00e8me de la cr\u00e8me, les 305 spots les plus embl\u00e9matiques de l&rsquo;urbex s&rsquo;y trouvent, id\u00e9al aussi bien pour les nouveaux urbexeurs que pour les chevronn\u00e9s !<\/p>\n<p>La promotion sp\u00e9ciale \u00e0 -50% est limit\u00e9e aux 50 premi\u00e8res personnes.<\/p>\n<p>Comme pour toutes nos cartes, vous recevez imm\u00e9diatement par mail le lien de t\u00e9l\u00e9chargement du fichier \u00e0 ouvrir avec Google Maps.<\/p>\n","protected":false},"excerpt":{"rendered":"<p>Cette carte regroupe la cr\u00e8me de la cr\u00e8me, les 305 spots les plus embl\u00e9matiques de l&rsquo;urbex s&rsquo;y trouvent, id\u00e9al aussi bien pour les nouveaux urbexeurs que pour les chevronn\u00e9s ! La promotion sp\u00e9ciale \u00e0 -50% est limit\u00e9e aux 50 premi\u00e8res personnes. Comme pour toutes nos cartes, vous recevez imm\u00e9diatement par mail le lien de t\u00e9l\u00e9chargement [&hellip;]<\/p>\n","protected":false},"featured_media":222,"comment_status":"open","ping_status":"closed","template":"","meta":{"_et_pb_use_builder":"","_et_pb_old_content":"","_et_gb_content_width":""},"product_brand":[],"product_cat":[18],"product_tag":[],"class_list":{"0":"post-76","1":"product","2":"type-product","3":"status-publish","4":"has-post-thumbnail","6":"product_cat-cartes-urbex-belgique","8":"first","9":"instock","10":"sale","11":"downloadable","12":"shipping-taxable","13":"purchasable","14":"product-type-simple"},"yoast_head":"<!-- This site is optimized with the Yoast SEO plugin v27.6 - https:\/\/yoast.com\/product\/yoast-seo-wordpress\/ -->\n<title>Urbex Belgique - 305 lieux \u00e0 d\u00e9couvrir<\/title>\n<meta name=\"description\" content=\"Carte d&#039;urbex Belgique \u27bd D\u00e9couvrez notre carte regroupant 305 lieux abandonn\u00e9s. R\u00e9ception imm\u00e9diate, MAJ gratuite \u00e0 vie \u26a1\" \/>\n<meta name=\"robots\" content=\"noindex, nofollow\" \/>\n<meta property=\"og:locale\" content=\"fr_FR\" \/>\n<meta property=\"og:type\" content=\"article\" \/>\n<meta property=\"og:title\" content=\"Urbex Belgique - 305 lieux \u00e0 d\u00e9couvrir\" \/>\n<meta property=\"og:description\" content=\"Carte d&#039;urbex Belgique \u27bd D\u00e9couvrez notre carte regroupant 305 lieux abandonn\u00e9s. R\u00e9ception imm\u00e9diate, MAJ gratuite \u00e0 vie \u26a1\" \/>\n<meta property=\"og:url\" content=\"https:\/\/urbexmaps.com\/be\/produit\/urbex-belgique\" \/>\n<meta property=\"og:site_name\" content=\"Urbexmaps BE\" \/>\n<meta property=\"article:modified_time\" content=\"2026-03-04T13:58:42+00:00\" \/>\n<meta property=\"og:image\" content=\"https:\/\/urbexmaps.com\/be\/wp-content\/uploads\/sites\/3\/2025\/11\/Capture-decran-2025-11-29-a-17.15.57.png\" \/>\n\t<meta property=\"og:image:width\" content=\"940\" \/>\n\t<meta property=\"og:image:height\" content=\"970\" \/>\n\t<meta property=\"og:image:type\" content=\"image\/png\" \/>\n<meta name=\"twitter:card\" content=\"summary_large_image\" \/>\n<meta name=\"twitter:label1\" content=\"Dur\u00e9e de lecture estim\u00e9e\" \/>\n\t<meta name=\"twitter:data1\" content=\"1 minute\" \/>\n<script type=\"application\/ld+json\" class=\"yoast-schema-graph\">{\"@context\":\"https:\\\/\\\/schema.org\",\"@graph\":[{\"@type\":\"WebPage\",\"@id\":\"https:\\\/\\\/urbexmaps.com\\\/be\\\/produit\\\/urbex-belgique\",\"url\":\"https:\\\/\\\/urbexmaps.com\\\/be\\\/produit\\\/urbex-belgique\",\"name\":\"Urbex Belgique - 305 lieux \u00e0 d\u00e9couvrir\",\"isPartOf\":{\"@id\":\"https:\\\/\\\/urbexmaps.com\\\/be\\\/#website\"},\"primaryImageOfPage\":{\"@id\":\"https:\\\/\\\/urbexmaps.com\\\/be\\\/produit\\\/urbex-belgique#primaryimage\"},\"image\":{\"@id\":\"https:\\\/\\\/urbexmaps.com\\\/be\\\/produit\\\/urbex-belgique#primaryimage\"},\"thumbnailUrl\":\"https:\\\/\\\/urbexmaps.com\\\/be\\\/wp-content\\\/uploads\\\/sites\\\/3\\\/2025\\\/11\\\/Capture-decran-2025-11-29-a-17.15.57.png\",\"datePublished\":\"2025-11-25T16:53:56+00:00\",\"dateModified\":\"2026-03-04T13:58:42+00:00\",\"description\":\"Carte d'urbex Belgique \u27bd D\u00e9couvrez notre carte regroupant 305 lieux abandonn\u00e9s. R\u00e9ception imm\u00e9diate, MAJ gratuite \u00e0 vie \u26a1\",\"breadcrumb\":{\"@id\":\"https:\\\/\\\/urbexmaps.com\\\/be\\\/produit\\\/urbex-belgique#breadcrumb\"},\"inLanguage\":\"fr-BE\",\"potentialAction\":[{\"@type\":\"ReadAction\",\"target\":[\"https:\\\/\\\/urbexmaps.com\\\/be\\\/produit\\\/urbex-belgique\"]}]},{\"@type\":\"ImageObject\",\"inLanguage\":\"fr-BE\",\"@id\":\"https:\\\/\\\/urbexmaps.com\\\/be\\\/produit\\\/urbex-belgique#primaryimage\",\"url\":\"https:\\\/\\\/urbexmaps.com\\\/be\\\/wp-content\\\/uploads\\\/sites\\\/3\\\/2025\\\/11\\\/Capture-decran-2025-11-29-a-17.15.57.png\",\"contentUrl\":\"https:\\\/\\\/urbexmaps.com\\\/be\\\/wp-content\\\/uploads\\\/sites\\\/3\\\/2025\\\/11\\\/Capture-decran-2025-11-29-a-17.15.57.png\",\"width\":940,\"height\":970,\"caption\":\"urbex belgique\"},{\"@type\":\"BreadcrumbList\",\"@id\":\"https:\\\/\\\/urbexmaps.com\\\/be\\\/produit\\\/urbex-belgique#breadcrumb\",\"itemListElement\":[{\"@type\":\"ListItem\",\"position\":1,\"name\":\"Accueil\",\"item\":\"https:\\\/\\\/urbexmaps.com\\\/be\\\/\"},{\"@type\":\"ListItem\",\"position\":2,\"name\":\"Produits\",\"item\":\"https:\\\/\\\/urbexmaps.com\\\/be\\\/boutique\"},{\"@type\":\"ListItem\",\"position\":3,\"name\":\"Urbex Belgique\"}]},{\"@type\":\"WebSite\",\"@id\":\"https:\\\/\\\/urbexmaps.com\\\/be\\\/#website\",\"url\":\"https:\\\/\\\/urbexmaps.com\\\/be\\\/\",\"name\":\"Urbex Belgique\",\"description\":\"\",\"publisher\":{\"@id\":\"https:\\\/\\\/urbexmaps.com\\\/be\\\/#organization\"},\"potentialAction\":[{\"@type\":\"SearchAction\",\"target\":{\"@type\":\"EntryPoint\",\"urlTemplate\":\"https:\\\/\\\/urbexmaps.com\\\/be\\\/?s={search_term_string}\"},\"query-input\":{\"@type\":\"PropertyValueSpecification\",\"valueRequired\":true,\"valueName\":\"search_term_string\"}}],\"inLanguage\":\"fr-BE\"},{\"@type\":\"Organization\",\"@id\":\"https:\\\/\\\/urbexmaps.com\\\/be\\\/#organization\",\"name\":\"Urbex Belgique\",\"url\":\"https:\\\/\\\/urbexmaps.com\\\/be\\\/\",\"logo\":{\"@type\":\"ImageObject\",\"inLanguage\":\"fr-BE\",\"@id\":\"https:\\\/\\\/urbexmaps.com\\\/be\\\/#\\\/schema\\\/logo\\\/image\\\/\",\"url\":\"https:\\\/\\\/urbexmaps.com\\\/be-fr\\\/wp-content\\\/uploads\\\/sites\\\/3\\\/2025\\\/11\\\/cropped-LOGO-ONG-1.png\",\"contentUrl\":\"https:\\\/\\\/urbexmaps.com\\\/be-fr\\\/wp-content\\\/uploads\\\/sites\\\/3\\\/2025\\\/11\\\/cropped-LOGO-ONG-1.png\",\"width\":80,\"height\":80,\"caption\":\"Urbex Belgique\"},\"image\":{\"@id\":\"https:\\\/\\\/urbexmaps.com\\\/be\\\/#\\\/schema\\\/logo\\\/image\\\/\"}}]}<\/script>\n<!-- \/ Yoast SEO plugin. -->","yoast_head_json":{"title":"Urbex Belgique - 305 lieux \u00e0 d\u00e9couvrir","description":"Carte d'urbex Belgique \u27bd D\u00e9couvrez notre carte regroupant 305 lieux abandonn\u00e9s. R\u00e9ception imm\u00e9diate, MAJ gratuite \u00e0 vie \u26a1","robots":{"index":"noindex","follow":"nofollow"},"og_locale":"fr_FR","og_type":"article","og_title":"Urbex Belgique - 305 lieux \u00e0 d\u00e9couvrir","og_description":"Carte d'urbex Belgique \u27bd D\u00e9couvrez notre carte regroupant 305 lieux abandonn\u00e9s. R\u00e9ception imm\u00e9diate, MAJ gratuite \u00e0 vie \u26a1","og_url":"https:\/\/urbexmaps.com\/be\/produit\/urbex-belgique","og_site_name":"Urbexmaps BE","article_modified_time":"2026-03-04T13:58:42+00:00","og_image":[{"width":940,"height":970,"url":"https:\/\/urbexmaps.com\/be\/wp-content\/uploads\/sites\/3\/2025\/11\/Capture-decran-2025-11-29-a-17.15.57.png","type":"image\/png"}],"twitter_card":"summary_large_image","twitter_misc":{"Dur\u00e9e de lecture estim\u00e9e":"1 minute"},"schema":{"@context":"https:\/\/schema.org","@graph":[{"@type":"WebPage","@id":"https:\/\/urbexmaps.com\/be\/produit\/urbex-belgique","url":"https:\/\/urbexmaps.com\/be\/produit\/urbex-belgique","name":"Urbex Belgique - 305 lieux \u00e0 d\u00e9couvrir","isPartOf":{"@id":"https:\/\/urbexmaps.com\/be\/#website"},"primaryImageOfPage":{"@id":"https:\/\/urbexmaps.com\/be\/produit\/urbex-belgique#primaryimage"},"image":{"@id":"https:\/\/urbexmaps.com\/be\/produit\/urbex-belgique#primaryimage"},"thumbnailUrl":"https:\/\/urbexmaps.com\/be\/wp-content\/uploads\/sites\/3\/2025\/11\/Capture-decran-2025-11-29-a-17.15.57.png","datePublished":"2025-11-25T16:53:56+00:00","dateModified":"2026-03-04T13:58:42+00:00","description":"Carte d'urbex Belgique \u27bd D\u00e9couvrez notre carte regroupant 305 lieux abandonn\u00e9s. R\u00e9ception imm\u00e9diate, MAJ gratuite \u00e0 vie \u26a1","breadcrumb":{"@id":"https:\/\/urbexmaps.com\/be\/produit\/urbex-belgique#breadcrumb"},"inLanguage":"fr-BE","potentialAction":[{"@type":"ReadAction","target":["https:\/\/urbexmaps.com\/be\/produit\/urbex-belgique"]}]},{"@type":"ImageObject","inLanguage":"fr-BE","@id":"https:\/\/urbexmaps.com\/be\/produit\/urbex-belgique#primaryimage","url":"https:\/\/urbexmaps.com\/be\/wp-content\/uploads\/sites\/3\/2025\/11\/Capture-decran-2025-11-29-a-17.15.57.png","contentUrl":"https:\/\/urbexmaps.com\/be\/wp-content\/uploads\/sites\/3\/2025\/11\/Capture-decran-2025-11-29-a-17.15.57.png","width":940,"height":970,"caption":"urbex belgique"},{"@type":"BreadcrumbList","@id":"https:\/\/urbexmaps.com\/be\/produit\/urbex-belgique#breadcrumb","itemListElement":[{"@type":"ListItem","position":1,"name":"Accueil","item":"https:\/\/urbexmaps.com\/be\/"},{"@type":"ListItem","position":2,"name":"Produits","item":"https:\/\/urbexmaps.com\/be\/boutique"},{"@type":"ListItem","position":3,"name":"Urbex Belgique"}]},{"@type":"WebSite","@id":"https:\/\/urbexmaps.com\/be\/#website","url":"https:\/\/urbexmaps.com\/be\/","name":"Urbex Belgique","description":"","publisher":{"@id":"https:\/\/urbexmaps.com\/be\/#organization"},"potentialAction":[{"@type":"SearchAction","target":{"@type":"EntryPoint","urlTemplate":"https:\/\/urbexmaps.com\/be\/?s={search_term_string}"},"query-input":{"@type":"PropertyValueSpecification","valueRequired":true,"valueName":"search_term_string"}}],"inLanguage":"fr-BE"},{"@type":"Organization","@id":"https:\/\/urbexmaps.com\/be\/#organization","name":"Urbex Belgique","url":"https:\/\/urbexmaps.com\/be\/","logo":{"@type":"ImageObject","inLanguage":"fr-BE","@id":"https:\/\/urbexmaps.com\/be\/#\/schema\/logo\/image\/","url":"https:\/\/urbexmaps.com\/be-fr\/wp-content\/uploads\/sites\/3\/2025\/11\/cropped-LOGO-ONG-1.png","contentUrl":"https:\/\/urbexmaps.com\/be-fr\/wp-content\/uploads\/sites\/3\/2025\/11\/cropped-LOGO-ONG-1.png","width":80,"height":80,"caption":"Urbex Belgique"},"image":{"@id":"https:\/\/urbexmaps.com\/be\/#\/schema\/logo\/image\/"}}]}},"_links":{"self":[{"href":"https:\/\/urbexmaps.com\/be\/wp-json\/wp\/v2\/product\/76","targetHints":{"allow":["GET"]}}],"collection":[{"href":"https:\/\/urbexmaps.com\/be\/wp-json\/wp\/v2\/product"}],"about":[{"href":"https:\/\/urbexmaps.com\/be\/wp-json\/wp\/v2\/types\/product"}],"replies":[{"embeddable":true,"href":"https:\/\/urbexmaps.com\/be\/wp-json\/wp\/v2\/comments?post=76"}],"wp:featuredmedia":[{"embeddable":true,"href":"https:\/\/urbexmaps.com\/be\/wp-json\/wp\/v2\/media\/222"}],"wp:attachment":[{"href":"https:\/\/urbexmaps.com\/be\/wp-json\/wp\/v2\/media?parent=76"}],"wp:term":[{"taxonomy":"product_brand","embeddable":true,"href":"https:\/\/urbexmaps.com\/be\/wp-json\/wp\/v2\/product_brand?post=76"},{"taxonomy":"product_cat","embeddable":true,"href":"https:\/\/urbexmaps.com\/be\/wp-json\/wp\/v2\/product_cat?post=76"},{"taxonomy":"product_tag","embeddable":true,"href":"https:\/\/urbexmaps.com\/be\/wp-json\/wp\/v2\/product_tag?post=76"}],"curies":[{"name":"wp","href":"https:\/\/api.w.org\/{rel}","templated":true}]}}