{"id":77,"date":"2025-11-25T17:56:03","date_gmt":"2025-11-25T16:56:03","guid":{"rendered":"https:\/\/urbexmaps.com\/be-fr\/?post_type=product&#038;p=77"},"modified":"2026-03-04T14:58:37","modified_gmt":"2026-03-04T13:58:37","slug":"urbex-bruxelles","status":"publish","type":"product","link":"https:\/\/urbexmaps.com\/be\/produit\/urbex-bruxelles","title":{"rendered":"Urbex Bruxelles"},"content":{"rendered":"<p>D\u00e9couvrez Bruxelles comme vous ne l&rsquo;avez jamais vue avec notre carte Urbex Bruxelles, qui recense 13 lieux abandonn\u00e9s fascinants. Bruxelles est un terrain de jeu exceptionnel pour l&rsquo;exploration urbaine, regorgeant de vestiges et d&rsquo;un patrimoine m\u00e9connu. Cette carte vous m\u00e8nera \u00e0 la d\u00e9couverte d&rsquo;usines d\u00e9saffect\u00e9es, de manoirs oubli\u00e9s et d&rsquo;autres lieux charg\u00e9s d&rsquo;histoire, incluant des sites embl\u00e9matiques tels que la Villa du Pianiste ou l&rsquo;\u00c9glise Autel Abandonn\u00e9e. L&rsquo;urbex est l&rsquo;activit\u00e9 id\u00e9ale pour les amateurs d&rsquo;aventure en qu\u00eate d&rsquo;insolite, offrant des moments uniques et des opportunit\u00e9s exceptionnelles de photographie. Profitez de la richesse de la ville et de sa grande base de donn\u00e9es de lieux d\u00e9di\u00e9s \u00e0 cette pratique gr\u00e2ce \u00e0 notre guide essentiel.<\/p>\n","protected":false},"excerpt":{"rendered":"<p>D\u00e9couvrez Bruxelles comme vous ne l&rsquo;avez jamais vue avec notre carte Urbex Bruxelles, qui recense 13 lieux abandonn\u00e9s fascinants. Bruxelles est un terrain de jeu exceptionnel pour l&rsquo;exploration urbaine, regorgeant de vestiges et d&rsquo;un patrimoine m\u00e9connu. Cette carte vous m\u00e8nera \u00e0 la d\u00e9couverte d&rsquo;usines d\u00e9saffect\u00e9es, de manoirs oubli\u00e9s et d&rsquo;autres lieux charg\u00e9s d&rsquo;histoire, incluant des [&hellip;]<\/p>\n","protected":false},"featured_media":417,"comment_status":"open","ping_status":"closed","template":"","meta":{"_et_pb_use_builder":"","_et_pb_old_content":"","_et_gb_content_width":""},"product_brand":[],"product_cat":[18],"product_tag":[],"class_list":{"0":"post-77","1":"product","2":"type-product","3":"status-publish","4":"has-post-thumbnail","6":"product_cat-cartes-urbex-belgique","8":"first","9":"instock","10":"downloadable","11":"shipping-taxable","12":"purchasable","13":"product-type-simple"},"yoast_head":"<!-- This site is optimized with the Yoast SEO plugin v27.6 - https:\/\/yoast.com\/product\/yoast-seo-wordpress\/ -->\n<title>Urbex Bruxelles - 13 lieux \u00e0 d\u00e9couvrir<\/title>\n<meta name=\"description\" content=\"Carte d&#039;urbex Bruxelles \u27bd D\u00e9couvrez notre carte regroupant 13 lieux abandonn\u00e9s. R\u00e9ception imm\u00e9diate, MAJ gratuite \u00e0 vie \u26a1\" \/>\n<meta name=\"robots\" content=\"index, follow, max-snippet:-1, max-image-preview:large, max-video-preview:-1\" \/>\n<link rel=\"canonical\" href=\"https:\/\/urbexmaps.com\/be\/produit\/urbex-bruxelles\" \/>\n<meta property=\"og:locale\" content=\"fr_FR\" \/>\n<meta property=\"og:type\" content=\"article\" \/>\n<meta property=\"og:title\" content=\"Urbex Bruxelles - 13 lieux \u00e0 d\u00e9couvrir\" \/>\n<meta property=\"og:description\" content=\"Carte d&#039;urbex Bruxelles \u27bd D\u00e9couvrez notre carte regroupant 13 lieux abandonn\u00e9s. R\u00e9ception imm\u00e9diate, MAJ gratuite \u00e0 vie \u26a1\" \/>\n<meta property=\"og:url\" content=\"https:\/\/urbexmaps.com\/be\/produit\/urbex-bruxelles\" \/>\n<meta property=\"og:site_name\" content=\"Urbexmaps BE\" \/>\n<meta property=\"article:modified_time\" content=\"2026-03-04T13:58:37+00:00\" \/>\n<meta property=\"og:image\" content=\"https:\/\/urbexmaps.com\/be\/wp-content\/uploads\/sites\/3\/2025\/11\/urbex-bruxelles.png\" \/>\n\t<meta property=\"og:image:width\" content=\"531\" \/>\n\t<meta property=\"og:image:height\" content=\"521\" \/>\n\t<meta property=\"og:image:type\" content=\"image\/png\" \/>\n<meta name=\"twitter:card\" content=\"summary_large_image\" \/>\n<meta name=\"twitter:label1\" content=\"Dur\u00e9e de lecture estim\u00e9e\" \/>\n\t<meta name=\"twitter:data1\" content=\"1 minute\" \/>\n<script type=\"application\/ld+json\" class=\"yoast-schema-graph\">{\"@context\":\"https:\\\/\\\/schema.org\",\"@graph\":[{\"@type\":\"WebPage\",\"@id\":\"https:\\\/\\\/urbexmaps.com\\\/be\\\/produit\\\/urbex-bruxelles\",\"url\":\"https:\\\/\\\/urbexmaps.com\\\/be\\\/produit\\\/urbex-bruxelles\",\"name\":\"Urbex Bruxelles - 13 lieux \u00e0 d\u00e9couvrir\",\"isPartOf\":{\"@id\":\"https:\\\/\\\/urbexmaps.com\\\/be\\\/#website\"},\"primaryImageOfPage\":{\"@id\":\"https:\\\/\\\/urbexmaps.com\\\/be\\\/produit\\\/urbex-bruxelles#primaryimage\"},\"image\":{\"@id\":\"https:\\\/\\\/urbexmaps.com\\\/be\\\/produit\\\/urbex-bruxelles#primaryimage\"},\"thumbnailUrl\":\"https:\\\/\\\/urbexmaps.com\\\/be\\\/wp-content\\\/uploads\\\/sites\\\/3\\\/2025\\\/11\\\/urbex-bruxelles.png\",\"datePublished\":\"2025-11-25T16:56:03+00:00\",\"dateModified\":\"2026-03-04T13:58:37+00:00\",\"description\":\"Carte d'urbex Bruxelles \u27bd D\u00e9couvrez notre carte regroupant 13 lieux abandonn\u00e9s. R\u00e9ception imm\u00e9diate, MAJ gratuite \u00e0 vie \u26a1\",\"breadcrumb\":{\"@id\":\"https:\\\/\\\/urbexmaps.com\\\/be\\\/produit\\\/urbex-bruxelles#breadcrumb\"},\"inLanguage\":\"fr-BE\",\"potentialAction\":[{\"@type\":\"ReadAction\",\"target\":[\"https:\\\/\\\/urbexmaps.com\\\/be\\\/produit\\\/urbex-bruxelles\"]}]},{\"@type\":\"ImageObject\",\"inLanguage\":\"fr-BE\",\"@id\":\"https:\\\/\\\/urbexmaps.com\\\/be\\\/produit\\\/urbex-bruxelles#primaryimage\",\"url\":\"https:\\\/\\\/urbexmaps.com\\\/be\\\/wp-content\\\/uploads\\\/sites\\\/3\\\/2025\\\/11\\\/urbex-bruxelles.png\",\"contentUrl\":\"https:\\\/\\\/urbexmaps.com\\\/be\\\/wp-content\\\/uploads\\\/sites\\\/3\\\/2025\\\/11\\\/urbex-bruxelles.png\",\"width\":531,\"height\":521,\"caption\":\"urbex bruxelles\"},{\"@type\":\"BreadcrumbList\",\"@id\":\"https:\\\/\\\/urbexmaps.com\\\/be\\\/produit\\\/urbex-bruxelles#breadcrumb\",\"itemListElement\":[{\"@type\":\"ListItem\",\"position\":1,\"name\":\"Accueil\",\"item\":\"https:\\\/\\\/urbexmaps.com\\\/be\\\/\"},{\"@type\":\"ListItem\",\"position\":2,\"name\":\"Produits\",\"item\":\"https:\\\/\\\/urbexmaps.com\\\/be\\\/boutique\"},{\"@type\":\"ListItem\",\"position\":3,\"name\":\"Urbex Bruxelles\"}]},{\"@type\":\"WebSite\",\"@id\":\"https:\\\/\\\/urbexmaps.com\\\/be\\\/#website\",\"url\":\"https:\\\/\\\/urbexmaps.com\\\/be\\\/\",\"name\":\"Urbex Belgique\",\"description\":\"\",\"publisher\":{\"@id\":\"https:\\\/\\\/urbexmaps.com\\\/be\\\/#organization\"},\"potentialAction\":[{\"@type\":\"SearchAction\",\"target\":{\"@type\":\"EntryPoint\",\"urlTemplate\":\"https:\\\/\\\/urbexmaps.com\\\/be\\\/?s={search_term_string}\"},\"query-input\":{\"@type\":\"PropertyValueSpecification\",\"valueRequired\":true,\"valueName\":\"search_term_string\"}}],\"inLanguage\":\"fr-BE\"},{\"@type\":\"Organization\",\"@id\":\"https:\\\/\\\/urbexmaps.com\\\/be\\\/#organization\",\"name\":\"Urbex Belgique\",\"url\":\"https:\\\/\\\/urbexmaps.com\\\/be\\\/\",\"logo\":{\"@type\":\"ImageObject\",\"inLanguage\":\"fr-BE\",\"@id\":\"https:\\\/\\\/urbexmaps.com\\\/be\\\/#\\\/schema\\\/logo\\\/image\\\/\",\"url\":\"https:\\\/\\\/urbexmaps.com\\\/be-fr\\\/wp-content\\\/uploads\\\/sites\\\/3\\\/2025\\\/11\\\/cropped-LOGO-ONG-1.png\",\"contentUrl\":\"https:\\\/\\\/urbexmaps.com\\\/be-fr\\\/wp-content\\\/uploads\\\/sites\\\/3\\\/2025\\\/11\\\/cropped-LOGO-ONG-1.png\",\"width\":80,\"height\":80,\"caption\":\"Urbex Belgique\"},\"image\":{\"@id\":\"https:\\\/\\\/urbexmaps.com\\\/be\\\/#\\\/schema\\\/logo\\\/image\\\/\"}}]}<\/script>\n<!-- \/ Yoast SEO plugin. -->","yoast_head_json":{"title":"Urbex Bruxelles - 13 lieux \u00e0 d\u00e9couvrir","description":"Carte d'urbex Bruxelles \u27bd D\u00e9couvrez notre carte regroupant 13 lieux abandonn\u00e9s. R\u00e9ception imm\u00e9diate, MAJ gratuite \u00e0 vie \u26a1","robots":{"index":"index","follow":"follow","max-snippet":"max-snippet:-1","max-image-preview":"max-image-preview:large","max-video-preview":"max-video-preview:-1"},"canonical":"https:\/\/urbexmaps.com\/be\/produit\/urbex-bruxelles","og_locale":"fr_FR","og_type":"article","og_title":"Urbex Bruxelles - 13 lieux \u00e0 d\u00e9couvrir","og_description":"Carte d'urbex Bruxelles \u27bd D\u00e9couvrez notre carte regroupant 13 lieux abandonn\u00e9s. R\u00e9ception imm\u00e9diate, MAJ gratuite \u00e0 vie \u26a1","og_url":"https:\/\/urbexmaps.com\/be\/produit\/urbex-bruxelles","og_site_name":"Urbexmaps BE","article_modified_time":"2026-03-04T13:58:37+00:00","og_image":[{"width":531,"height":521,"url":"https:\/\/urbexmaps.com\/be\/wp-content\/uploads\/sites\/3\/2025\/11\/urbex-bruxelles.png","type":"image\/png"}],"twitter_card":"summary_large_image","twitter_misc":{"Dur\u00e9e de lecture estim\u00e9e":"1 minute"},"schema":{"@context":"https:\/\/schema.org","@graph":[{"@type":"WebPage","@id":"https:\/\/urbexmaps.com\/be\/produit\/urbex-bruxelles","url":"https:\/\/urbexmaps.com\/be\/produit\/urbex-bruxelles","name":"Urbex Bruxelles - 13 lieux \u00e0 d\u00e9couvrir","isPartOf":{"@id":"https:\/\/urbexmaps.com\/be\/#website"},"primaryImageOfPage":{"@id":"https:\/\/urbexmaps.com\/be\/produit\/urbex-bruxelles#primaryimage"},"image":{"@id":"https:\/\/urbexmaps.com\/be\/produit\/urbex-bruxelles#primaryimage"},"thumbnailUrl":"https:\/\/urbexmaps.com\/be\/wp-content\/uploads\/sites\/3\/2025\/11\/urbex-bruxelles.png","datePublished":"2025-11-25T16:56:03+00:00","dateModified":"2026-03-04T13:58:37+00:00","description":"Carte d'urbex Bruxelles \u27bd D\u00e9couvrez notre carte regroupant 13 lieux abandonn\u00e9s. R\u00e9ception imm\u00e9diate, MAJ gratuite \u00e0 vie \u26a1","breadcrumb":{"@id":"https:\/\/urbexmaps.com\/be\/produit\/urbex-bruxelles#breadcrumb"},"inLanguage":"fr-BE","potentialAction":[{"@type":"ReadAction","target":["https:\/\/urbexmaps.com\/be\/produit\/urbex-bruxelles"]}]},{"@type":"ImageObject","inLanguage":"fr-BE","@id":"https:\/\/urbexmaps.com\/be\/produit\/urbex-bruxelles#primaryimage","url":"https:\/\/urbexmaps.com\/be\/wp-content\/uploads\/sites\/3\/2025\/11\/urbex-bruxelles.png","contentUrl":"https:\/\/urbexmaps.com\/be\/wp-content\/uploads\/sites\/3\/2025\/11\/urbex-bruxelles.png","width":531,"height":521,"caption":"urbex bruxelles"},{"@type":"BreadcrumbList","@id":"https:\/\/urbexmaps.com\/be\/produit\/urbex-bruxelles#breadcrumb","itemListElement":[{"@type":"ListItem","position":1,"name":"Accueil","item":"https:\/\/urbexmaps.com\/be\/"},{"@type":"ListItem","position":2,"name":"Produits","item":"https:\/\/urbexmaps.com\/be\/boutique"},{"@type":"ListItem","position":3,"name":"Urbex Bruxelles"}]},{"@type":"WebSite","@id":"https:\/\/urbexmaps.com\/be\/#website","url":"https:\/\/urbexmaps.com\/be\/","name":"Urbex Belgique","description":"","publisher":{"@id":"https:\/\/urbexmaps.com\/be\/#organization"},"potentialAction":[{"@type":"SearchAction","target":{"@type":"EntryPoint","urlTemplate":"https:\/\/urbexmaps.com\/be\/?s={search_term_string}"},"query-input":{"@type":"PropertyValueSpecification","valueRequired":true,"valueName":"search_term_string"}}],"inLanguage":"fr-BE"},{"@type":"Organization","@id":"https:\/\/urbexmaps.com\/be\/#organization","name":"Urbex Belgique","url":"https:\/\/urbexmaps.com\/be\/","logo":{"@type":"ImageObject","inLanguage":"fr-BE","@id":"https:\/\/urbexmaps.com\/be\/#\/schema\/logo\/image\/","url":"https:\/\/urbexmaps.com\/be-fr\/wp-content\/uploads\/sites\/3\/2025\/11\/cropped-LOGO-ONG-1.png","contentUrl":"https:\/\/urbexmaps.com\/be-fr\/wp-content\/uploads\/sites\/3\/2025\/11\/cropped-LOGO-ONG-1.png","width":80,"height":80,"caption":"Urbex Belgique"},"image":{"@id":"https:\/\/urbexmaps.com\/be\/#\/schema\/logo\/image\/"}}]}},"_links":{"self":[{"href":"https:\/\/urbexmaps.com\/be\/wp-json\/wp\/v2\/product\/77","targetHints":{"allow":["GET"]}}],"collection":[{"href":"https:\/\/urbexmaps.com\/be\/wp-json\/wp\/v2\/product"}],"about":[{"href":"https:\/\/urbexmaps.com\/be\/wp-json\/wp\/v2\/types\/product"}],"replies":[{"embeddable":true,"href":"https:\/\/urbexmaps.com\/be\/wp-json\/wp\/v2\/comments?post=77"}],"wp:featuredmedia":[{"embeddable":true,"href":"https:\/\/urbexmaps.com\/be\/wp-json\/wp\/v2\/media\/417"}],"wp:attachment":[{"href":"https:\/\/urbexmaps.com\/be\/wp-json\/wp\/v2\/media?parent=77"}],"wp:term":[{"taxonomy":"product_brand","embeddable":true,"href":"https:\/\/urbexmaps.com\/be\/wp-json\/wp\/v2\/product_brand?post=77"},{"taxonomy":"product_cat","embeddable":true,"href":"https:\/\/urbexmaps.com\/be\/wp-json\/wp\/v2\/product_cat?post=77"},{"taxonomy":"product_tag","embeddable":true,"href":"https:\/\/urbexmaps.com\/be\/wp-json\/wp\/v2\/product_tag?post=77"}],"curies":[{"name":"wp","href":"https:\/\/api.w.org\/{rel}","templated":true}]}}