{"id":79,"date":"2025-11-25T17:57:47","date_gmt":"2025-11-25T16:57:47","guid":{"rendered":"https:\/\/urbexmaps.com\/be-fr\/?post_type=product&#038;p=79"},"modified":"2026-03-04T14:58:29","modified_gmt":"2026-03-04T13:58:29","slug":"urbex-brabant-flamand","status":"publish","type":"product","link":"https:\/\/urbexmaps.com\/be\/produit\/urbex-brabant-flamand","title":{"rendered":"Urbex Brabant-Flamand"},"content":{"rendered":"<p>D\u00e9couvrez le Brabant-Flamand sous un jour nouveau avec notre carte Urbex Brabant-Flamand, votre guide essentiel pour explorer 112 lieux abandonn\u00e9s. Le Brabant-Flamand est une r\u00e9gion riche pour l&rsquo;urbex, regorgeant de sites qui racontent une histoire unique. Gr\u00e2ce \u00e0 cette carte, vous trouverez une grande vari\u00e9t\u00e9 de lieux fascinants : des usines d\u00e9saffect\u00e9es, des manoirs oubli\u00e9s, des ch\u00e2teaux en ruines comme le Ch\u00e2teau de Mesen, d&rsquo;anciennes brasseries telle que la Brasserie de Vieux-Saulieu, et des centres de loisirs abandonn\u00e9s comme le Domaine de Huizingen. La diversit\u00e9 des sites, allant de l&rsquo;architecture gothique aux machines industrielles d&rsquo;antan, offre aux explorateurs un cadre \u00e0 la fois mystique, m\u00e9lancolique et fascinant. M\u00eame les lieux notables comme le Village Fant\u00f4me de Doel, bien que limitrophes, sont des atouts qui contribuent \u00e0 l&rsquo;attrait de cette r\u00e9gion pour une exploration urbaine inoubliable.<\/p>\n","protected":false},"excerpt":{"rendered":"<p>D\u00e9couvrez le Brabant-Flamand sous un jour nouveau avec notre carte Urbex Brabant-Flamand, votre guide essentiel pour explorer 112 lieux abandonn\u00e9s. Le Brabant-Flamand est une r\u00e9gion riche pour l&rsquo;urbex, regorgeant de sites qui racontent une histoire unique. Gr\u00e2ce \u00e0 cette carte, vous trouverez une grande vari\u00e9t\u00e9 de lieux fascinants : des usines d\u00e9saffect\u00e9es, des manoirs oubli\u00e9s, [&hellip;]<\/p>\n","protected":false},"featured_media":415,"comment_status":"open","ping_status":"closed","template":"","meta":{"_et_pb_use_builder":"","_et_pb_old_content":"","_et_gb_content_width":""},"product_brand":[],"product_cat":[18],"product_tag":[],"class_list":{"0":"post-79","1":"product","2":"type-product","3":"status-publish","4":"has-post-thumbnail","6":"product_cat-cartes-urbex-belgique","8":"first","9":"instock","10":"downloadable","11":"shipping-taxable","12":"purchasable","13":"product-type-simple"},"yoast_head":"<!-- This site is optimized with the Yoast SEO plugin v27.6 - https:\/\/yoast.com\/product\/yoast-seo-wordpress\/ -->\n<title>Urbex Brabant-Flamand - 112 lieux \u00e0 d\u00e9couvrir<\/title>\n<meta name=\"description\" content=\"Carte d&#039;urbex Brabant-Flamand \u27bd D\u00e9couvrez notre carte regroupant 112 lieux abandonn\u00e9s. R\u00e9ception imm\u00e9diate, MAJ gratuite \u00e0 vie \u26a1\" \/>\n<meta name=\"robots\" content=\"index, follow, max-snippet:-1, max-image-preview:large, max-video-preview:-1\" \/>\n<link rel=\"canonical\" href=\"https:\/\/urbexmaps.com\/be\/produit\/urbex-brabant-flamand\" \/>\n<meta property=\"og:locale\" content=\"fr_FR\" \/>\n<meta property=\"og:type\" content=\"article\" \/>\n<meta property=\"og:title\" content=\"Urbex Brabant-Flamand - 112 lieux \u00e0 d\u00e9couvrir\" \/>\n<meta property=\"og:description\" content=\"Carte d&#039;urbex Brabant-Flamand \u27bd D\u00e9couvrez notre carte regroupant 112 lieux abandonn\u00e9s. R\u00e9ception imm\u00e9diate, MAJ gratuite \u00e0 vie \u26a1\" \/>\n<meta property=\"og:url\" content=\"https:\/\/urbexmaps.com\/be\/produit\/urbex-brabant-flamand\" \/>\n<meta property=\"og:site_name\" content=\"Urbexmaps BE\" \/>\n<meta property=\"article:modified_time\" content=\"2026-03-04T13:58:29+00:00\" \/>\n<meta property=\"og:image\" content=\"https:\/\/urbexmaps.com\/be\/wp-content\/uploads\/sites\/3\/2025\/11\/urbex-brabant-flamant.png\" \/>\n\t<meta property=\"og:image:width\" content=\"567\" \/>\n\t<meta property=\"og:image:height\" content=\"554\" \/>\n\t<meta property=\"og:image:type\" content=\"image\/png\" \/>\n<meta name=\"twitter:card\" content=\"summary_large_image\" \/>\n<meta name=\"twitter:label1\" content=\"Dur\u00e9e de lecture estim\u00e9e\" \/>\n\t<meta name=\"twitter:data1\" content=\"1 minute\" \/>\n<script type=\"application\/ld+json\" class=\"yoast-schema-graph\">{\"@context\":\"https:\\\/\\\/schema.org\",\"@graph\":[{\"@type\":\"WebPage\",\"@id\":\"https:\\\/\\\/urbexmaps.com\\\/be\\\/produit\\\/urbex-brabant-flamand\",\"url\":\"https:\\\/\\\/urbexmaps.com\\\/be\\\/produit\\\/urbex-brabant-flamand\",\"name\":\"Urbex Brabant-Flamand - 112 lieux \u00e0 d\u00e9couvrir\",\"isPartOf\":{\"@id\":\"https:\\\/\\\/urbexmaps.com\\\/be\\\/#website\"},\"primaryImageOfPage\":{\"@id\":\"https:\\\/\\\/urbexmaps.com\\\/be\\\/produit\\\/urbex-brabant-flamand#primaryimage\"},\"image\":{\"@id\":\"https:\\\/\\\/urbexmaps.com\\\/be\\\/produit\\\/urbex-brabant-flamand#primaryimage\"},\"thumbnailUrl\":\"https:\\\/\\\/urbexmaps.com\\\/be\\\/wp-content\\\/uploads\\\/sites\\\/3\\\/2025\\\/11\\\/urbex-brabant-flamant.png\",\"datePublished\":\"2025-11-25T16:57:47+00:00\",\"dateModified\":\"2026-03-04T13:58:29+00:00\",\"description\":\"Carte d'urbex Brabant-Flamand \u27bd D\u00e9couvrez notre carte regroupant 112 lieux abandonn\u00e9s. R\u00e9ception imm\u00e9diate, MAJ gratuite \u00e0 vie \u26a1\",\"breadcrumb\":{\"@id\":\"https:\\\/\\\/urbexmaps.com\\\/be\\\/produit\\\/urbex-brabant-flamand#breadcrumb\"},\"inLanguage\":\"fr-BE\",\"potentialAction\":[{\"@type\":\"ReadAction\",\"target\":[\"https:\\\/\\\/urbexmaps.com\\\/be\\\/produit\\\/urbex-brabant-flamand\"]}]},{\"@type\":\"ImageObject\",\"inLanguage\":\"fr-BE\",\"@id\":\"https:\\\/\\\/urbexmaps.com\\\/be\\\/produit\\\/urbex-brabant-flamand#primaryimage\",\"url\":\"https:\\\/\\\/urbexmaps.com\\\/be\\\/wp-content\\\/uploads\\\/sites\\\/3\\\/2025\\\/11\\\/urbex-brabant-flamant.png\",\"contentUrl\":\"https:\\\/\\\/urbexmaps.com\\\/be\\\/wp-content\\\/uploads\\\/sites\\\/3\\\/2025\\\/11\\\/urbex-brabant-flamant.png\",\"width\":567,\"height\":554,\"caption\":\"urbex brabant flamant\"},{\"@type\":\"BreadcrumbList\",\"@id\":\"https:\\\/\\\/urbexmaps.com\\\/be\\\/produit\\\/urbex-brabant-flamand#breadcrumb\",\"itemListElement\":[{\"@type\":\"ListItem\",\"position\":1,\"name\":\"Accueil\",\"item\":\"https:\\\/\\\/urbexmaps.com\\\/be\\\/\"},{\"@type\":\"ListItem\",\"position\":2,\"name\":\"Produits\",\"item\":\"https:\\\/\\\/urbexmaps.com\\\/be\\\/boutique\"},{\"@type\":\"ListItem\",\"position\":3,\"name\":\"Urbex Brabant-Flamand\"}]},{\"@type\":\"WebSite\",\"@id\":\"https:\\\/\\\/urbexmaps.com\\\/be\\\/#website\",\"url\":\"https:\\\/\\\/urbexmaps.com\\\/be\\\/\",\"name\":\"Urbex Belgique\",\"description\":\"\",\"publisher\":{\"@id\":\"https:\\\/\\\/urbexmaps.com\\\/be\\\/#organization\"},\"potentialAction\":[{\"@type\":\"SearchAction\",\"target\":{\"@type\":\"EntryPoint\",\"urlTemplate\":\"https:\\\/\\\/urbexmaps.com\\\/be\\\/?s={search_term_string}\"},\"query-input\":{\"@type\":\"PropertyValueSpecification\",\"valueRequired\":true,\"valueName\":\"search_term_string\"}}],\"inLanguage\":\"fr-BE\"},{\"@type\":\"Organization\",\"@id\":\"https:\\\/\\\/urbexmaps.com\\\/be\\\/#organization\",\"name\":\"Urbex Belgique\",\"url\":\"https:\\\/\\\/urbexmaps.com\\\/be\\\/\",\"logo\":{\"@type\":\"ImageObject\",\"inLanguage\":\"fr-BE\",\"@id\":\"https:\\\/\\\/urbexmaps.com\\\/be\\\/#\\\/schema\\\/logo\\\/image\\\/\",\"url\":\"https:\\\/\\\/urbexmaps.com\\\/be-fr\\\/wp-content\\\/uploads\\\/sites\\\/3\\\/2025\\\/11\\\/cropped-LOGO-ONG-1.png\",\"contentUrl\":\"https:\\\/\\\/urbexmaps.com\\\/be-fr\\\/wp-content\\\/uploads\\\/sites\\\/3\\\/2025\\\/11\\\/cropped-LOGO-ONG-1.png\",\"width\":80,\"height\":80,\"caption\":\"Urbex Belgique\"},\"image\":{\"@id\":\"https:\\\/\\\/urbexmaps.com\\\/be\\\/#\\\/schema\\\/logo\\\/image\\\/\"}}]}<\/script>\n<!-- \/ Yoast SEO plugin. -->","yoast_head_json":{"title":"Urbex Brabant-Flamand - 112 lieux \u00e0 d\u00e9couvrir","description":"Carte d'urbex Brabant-Flamand \u27bd D\u00e9couvrez notre carte regroupant 112 lieux abandonn\u00e9s. R\u00e9ception imm\u00e9diate, MAJ gratuite \u00e0 vie \u26a1","robots":{"index":"index","follow":"follow","max-snippet":"max-snippet:-1","max-image-preview":"max-image-preview:large","max-video-preview":"max-video-preview:-1"},"canonical":"https:\/\/urbexmaps.com\/be\/produit\/urbex-brabant-flamand","og_locale":"fr_FR","og_type":"article","og_title":"Urbex Brabant-Flamand - 112 lieux \u00e0 d\u00e9couvrir","og_description":"Carte d'urbex Brabant-Flamand \u27bd D\u00e9couvrez notre carte regroupant 112 lieux abandonn\u00e9s. R\u00e9ception imm\u00e9diate, MAJ gratuite \u00e0 vie \u26a1","og_url":"https:\/\/urbexmaps.com\/be\/produit\/urbex-brabant-flamand","og_site_name":"Urbexmaps BE","article_modified_time":"2026-03-04T13:58:29+00:00","og_image":[{"width":567,"height":554,"url":"https:\/\/urbexmaps.com\/be\/wp-content\/uploads\/sites\/3\/2025\/11\/urbex-brabant-flamant.png","type":"image\/png"}],"twitter_card":"summary_large_image","twitter_misc":{"Dur\u00e9e de lecture estim\u00e9e":"1 minute"},"schema":{"@context":"https:\/\/schema.org","@graph":[{"@type":"WebPage","@id":"https:\/\/urbexmaps.com\/be\/produit\/urbex-brabant-flamand","url":"https:\/\/urbexmaps.com\/be\/produit\/urbex-brabant-flamand","name":"Urbex Brabant-Flamand - 112 lieux \u00e0 d\u00e9couvrir","isPartOf":{"@id":"https:\/\/urbexmaps.com\/be\/#website"},"primaryImageOfPage":{"@id":"https:\/\/urbexmaps.com\/be\/produit\/urbex-brabant-flamand#primaryimage"},"image":{"@id":"https:\/\/urbexmaps.com\/be\/produit\/urbex-brabant-flamand#primaryimage"},"thumbnailUrl":"https:\/\/urbexmaps.com\/be\/wp-content\/uploads\/sites\/3\/2025\/11\/urbex-brabant-flamant.png","datePublished":"2025-11-25T16:57:47+00:00","dateModified":"2026-03-04T13:58:29+00:00","description":"Carte d'urbex Brabant-Flamand \u27bd D\u00e9couvrez notre carte regroupant 112 lieux abandonn\u00e9s. R\u00e9ception imm\u00e9diate, MAJ gratuite \u00e0 vie \u26a1","breadcrumb":{"@id":"https:\/\/urbexmaps.com\/be\/produit\/urbex-brabant-flamand#breadcrumb"},"inLanguage":"fr-BE","potentialAction":[{"@type":"ReadAction","target":["https:\/\/urbexmaps.com\/be\/produit\/urbex-brabant-flamand"]}]},{"@type":"ImageObject","inLanguage":"fr-BE","@id":"https:\/\/urbexmaps.com\/be\/produit\/urbex-brabant-flamand#primaryimage","url":"https:\/\/urbexmaps.com\/be\/wp-content\/uploads\/sites\/3\/2025\/11\/urbex-brabant-flamant.png","contentUrl":"https:\/\/urbexmaps.com\/be\/wp-content\/uploads\/sites\/3\/2025\/11\/urbex-brabant-flamant.png","width":567,"height":554,"caption":"urbex brabant flamant"},{"@type":"BreadcrumbList","@id":"https:\/\/urbexmaps.com\/be\/produit\/urbex-brabant-flamand#breadcrumb","itemListElement":[{"@type":"ListItem","position":1,"name":"Accueil","item":"https:\/\/urbexmaps.com\/be\/"},{"@type":"ListItem","position":2,"name":"Produits","item":"https:\/\/urbexmaps.com\/be\/boutique"},{"@type":"ListItem","position":3,"name":"Urbex Brabant-Flamand"}]},{"@type":"WebSite","@id":"https:\/\/urbexmaps.com\/be\/#website","url":"https:\/\/urbexmaps.com\/be\/","name":"Urbex Belgique","description":"","publisher":{"@id":"https:\/\/urbexmaps.com\/be\/#organization"},"potentialAction":[{"@type":"SearchAction","target":{"@type":"EntryPoint","urlTemplate":"https:\/\/urbexmaps.com\/be\/?s={search_term_string}"},"query-input":{"@type":"PropertyValueSpecification","valueRequired":true,"valueName":"search_term_string"}}],"inLanguage":"fr-BE"},{"@type":"Organization","@id":"https:\/\/urbexmaps.com\/be\/#organization","name":"Urbex Belgique","url":"https:\/\/urbexmaps.com\/be\/","logo":{"@type":"ImageObject","inLanguage":"fr-BE","@id":"https:\/\/urbexmaps.com\/be\/#\/schema\/logo\/image\/","url":"https:\/\/urbexmaps.com\/be-fr\/wp-content\/uploads\/sites\/3\/2025\/11\/cropped-LOGO-ONG-1.png","contentUrl":"https:\/\/urbexmaps.com\/be-fr\/wp-content\/uploads\/sites\/3\/2025\/11\/cropped-LOGO-ONG-1.png","width":80,"height":80,"caption":"Urbex Belgique"},"image":{"@id":"https:\/\/urbexmaps.com\/be\/#\/schema\/logo\/image\/"}}]}},"_links":{"self":[{"href":"https:\/\/urbexmaps.com\/be\/wp-json\/wp\/v2\/product\/79","targetHints":{"allow":["GET"]}}],"collection":[{"href":"https:\/\/urbexmaps.com\/be\/wp-json\/wp\/v2\/product"}],"about":[{"href":"https:\/\/urbexmaps.com\/be\/wp-json\/wp\/v2\/types\/product"}],"replies":[{"embeddable":true,"href":"https:\/\/urbexmaps.com\/be\/wp-json\/wp\/v2\/comments?post=79"}],"wp:featuredmedia":[{"embeddable":true,"href":"https:\/\/urbexmaps.com\/be\/wp-json\/wp\/v2\/media\/415"}],"wp:attachment":[{"href":"https:\/\/urbexmaps.com\/be\/wp-json\/wp\/v2\/media?parent=79"}],"wp:term":[{"taxonomy":"product_brand","embeddable":true,"href":"https:\/\/urbexmaps.com\/be\/wp-json\/wp\/v2\/product_brand?post=79"},{"taxonomy":"product_cat","embeddable":true,"href":"https:\/\/urbexmaps.com\/be\/wp-json\/wp\/v2\/product_cat?post=79"},{"taxonomy":"product_tag","embeddable":true,"href":"https:\/\/urbexmaps.com\/be\/wp-json\/wp\/v2\/product_tag?post=79"}],"curies":[{"name":"wp","href":"https:\/\/api.w.org\/{rel}","templated":true}]}}