{"id":80,"date":"2025-11-25T17:58:29","date_gmt":"2025-11-25T16:58:29","guid":{"rendered":"https:\/\/urbexmaps.com\/be-fr\/?post_type=product&#038;p=80"},"modified":"2026-03-04T14:58:25","modified_gmt":"2026-03-04T13:58:25","slug":"urbex-flandre-occidentale","status":"publish","type":"product","link":"https:\/\/urbexmaps.com\/be\/produit\/urbex-flandre-occidentale","title":{"rendered":"Urbex Flandre Occidentale"},"content":{"rendered":"<p>D\u00e9couvrez la Flandre Occidentale comme jamais avec notre carte Urbex, qui r\u00e9f\u00e9rence 168 lieux abandonn\u00e9s fascinants. Cette r\u00e9gion offre un int\u00e9r\u00eat particulier pour l&rsquo;exploration urbaine gr\u00e2ce \u00e0 sa grande diversit\u00e9 de sites. Notre carte Urbex Flandre Occidentale vous guidera vers des vestiges charg\u00e9s d&rsquo;histoire, incluant des usines d\u00e9saffect\u00e9es, des manoirs oubli\u00e9s, des ch\u00e2teaux abandonn\u00e9s, des h\u00f4pitaux et des maisons. Explorez des sites embl\u00e9matiques tels que le Sanatorium Joseph Lemaire avec son architecture Art d\u00e9co en d\u00e9clin, le myst\u00e9rieux Ch\u00e2teau de Moerkerke, la vaste Filature de Coton de Zwevegem, l&rsquo;historique Ancienne Base Militaire de Houtem, et des fermes abandonn\u00e9es. C&rsquo;est un terrain de jeu riche et vari\u00e9 pour les explorateurs urbains en qu\u00eate des vestiges du pass\u00e9.<\/p>\n","protected":false},"excerpt":{"rendered":"<p>D\u00e9couvrez la Flandre Occidentale comme jamais avec notre carte Urbex, qui r\u00e9f\u00e9rence 168 lieux abandonn\u00e9s fascinants. Cette r\u00e9gion offre un int\u00e9r\u00eat particulier pour l&rsquo;exploration urbaine gr\u00e2ce \u00e0 sa grande diversit\u00e9 de sites. Notre carte Urbex Flandre Occidentale vous guidera vers des vestiges charg\u00e9s d&rsquo;histoire, incluant des usines d\u00e9saffect\u00e9es, des manoirs oubli\u00e9s, des ch\u00e2teaux abandonn\u00e9s, des [&hellip;]<\/p>\n","protected":false},"featured_media":414,"comment_status":"open","ping_status":"closed","template":"","meta":{"_et_pb_use_builder":"","_et_pb_old_content":"","_et_gb_content_width":""},"product_brand":[],"product_cat":[18],"product_tag":[],"class_list":{"0":"post-80","1":"product","2":"type-product","3":"status-publish","4":"has-post-thumbnail","6":"product_cat-cartes-urbex-belgique","8":"first","9":"instock","10":"downloadable","11":"shipping-taxable","12":"purchasable","13":"product-type-simple"},"yoast_head":"<!-- This site is optimized with the Yoast SEO plugin v27.6 - https:\/\/yoast.com\/product\/yoast-seo-wordpress\/ -->\n<title>Urbex Flandre Occidentale - 168 lieux \u00e0 d\u00e9couvrir<\/title>\n<meta name=\"description\" content=\"Carte d&#039;urbex Flandre Occidentale \u27bd D\u00e9couvrez notre carte regroupant 168 lieux abandonn\u00e9s. R\u00e9ception imm\u00e9diate, MAJ gratuite \u00e0 vie \u26a1\" \/>\n<meta name=\"robots\" content=\"index, follow, max-snippet:-1, max-image-preview:large, max-video-preview:-1\" \/>\n<link rel=\"canonical\" href=\"https:\/\/urbexmaps.com\/be\/produit\/urbex-flandre-occidentale\" \/>\n<meta property=\"og:locale\" content=\"fr_FR\" \/>\n<meta property=\"og:type\" content=\"article\" \/>\n<meta property=\"og:title\" content=\"Urbex Flandre Occidentale - 168 lieux \u00e0 d\u00e9couvrir\" \/>\n<meta property=\"og:description\" content=\"Carte d&#039;urbex Flandre Occidentale \u27bd D\u00e9couvrez notre carte regroupant 168 lieux abandonn\u00e9s. R\u00e9ception imm\u00e9diate, MAJ gratuite \u00e0 vie \u26a1\" \/>\n<meta property=\"og:url\" content=\"https:\/\/urbexmaps.com\/be\/produit\/urbex-flandre-occidentale\" \/>\n<meta property=\"og:site_name\" content=\"Urbexmaps BE\" \/>\n<meta property=\"article:modified_time\" content=\"2026-03-04T13:58:25+00:00\" \/>\n<meta property=\"og:image\" content=\"https:\/\/urbexmaps.com\/be\/wp-content\/uploads\/sites\/3\/2025\/11\/urbex-flandre-occidentale.png\" \/>\n\t<meta property=\"og:image:width\" content=\"610\" \/>\n\t<meta property=\"og:image:height\" content=\"608\" \/>\n\t<meta property=\"og:image:type\" content=\"image\/png\" \/>\n<meta name=\"twitter:card\" content=\"summary_large_image\" \/>\n<meta name=\"twitter:label1\" content=\"Dur\u00e9e de lecture estim\u00e9e\" \/>\n\t<meta name=\"twitter:data1\" content=\"1 minute\" \/>\n<script type=\"application\/ld+json\" class=\"yoast-schema-graph\">{\"@context\":\"https:\\\/\\\/schema.org\",\"@graph\":[{\"@type\":\"WebPage\",\"@id\":\"https:\\\/\\\/urbexmaps.com\\\/be\\\/produit\\\/urbex-flandre-occidentale\",\"url\":\"https:\\\/\\\/urbexmaps.com\\\/be\\\/produit\\\/urbex-flandre-occidentale\",\"name\":\"Urbex Flandre Occidentale - 168 lieux \u00e0 d\u00e9couvrir\",\"isPartOf\":{\"@id\":\"https:\\\/\\\/urbexmaps.com\\\/be\\\/#website\"},\"primaryImageOfPage\":{\"@id\":\"https:\\\/\\\/urbexmaps.com\\\/be\\\/produit\\\/urbex-flandre-occidentale#primaryimage\"},\"image\":{\"@id\":\"https:\\\/\\\/urbexmaps.com\\\/be\\\/produit\\\/urbex-flandre-occidentale#primaryimage\"},\"thumbnailUrl\":\"https:\\\/\\\/urbexmaps.com\\\/be\\\/wp-content\\\/uploads\\\/sites\\\/3\\\/2025\\\/11\\\/urbex-flandre-occidentale.png\",\"datePublished\":\"2025-11-25T16:58:29+00:00\",\"dateModified\":\"2026-03-04T13:58:25+00:00\",\"description\":\"Carte d'urbex Flandre Occidentale \u27bd D\u00e9couvrez notre carte regroupant 168 lieux abandonn\u00e9s. R\u00e9ception imm\u00e9diate, MAJ gratuite \u00e0 vie \u26a1\",\"breadcrumb\":{\"@id\":\"https:\\\/\\\/urbexmaps.com\\\/be\\\/produit\\\/urbex-flandre-occidentale#breadcrumb\"},\"inLanguage\":\"fr-BE\",\"potentialAction\":[{\"@type\":\"ReadAction\",\"target\":[\"https:\\\/\\\/urbexmaps.com\\\/be\\\/produit\\\/urbex-flandre-occidentale\"]}]},{\"@type\":\"ImageObject\",\"inLanguage\":\"fr-BE\",\"@id\":\"https:\\\/\\\/urbexmaps.com\\\/be\\\/produit\\\/urbex-flandre-occidentale#primaryimage\",\"url\":\"https:\\\/\\\/urbexmaps.com\\\/be\\\/wp-content\\\/uploads\\\/sites\\\/3\\\/2025\\\/11\\\/urbex-flandre-occidentale.png\",\"contentUrl\":\"https:\\\/\\\/urbexmaps.com\\\/be\\\/wp-content\\\/uploads\\\/sites\\\/3\\\/2025\\\/11\\\/urbex-flandre-occidentale.png\",\"width\":610,\"height\":608,\"caption\":\"urbex flandre occidentale\"},{\"@type\":\"BreadcrumbList\",\"@id\":\"https:\\\/\\\/urbexmaps.com\\\/be\\\/produit\\\/urbex-flandre-occidentale#breadcrumb\",\"itemListElement\":[{\"@type\":\"ListItem\",\"position\":1,\"name\":\"Accueil\",\"item\":\"https:\\\/\\\/urbexmaps.com\\\/be\\\/\"},{\"@type\":\"ListItem\",\"position\":2,\"name\":\"Produits\",\"item\":\"https:\\\/\\\/urbexmaps.com\\\/be\\\/boutique\"},{\"@type\":\"ListItem\",\"position\":3,\"name\":\"Urbex Flandre Occidentale\"}]},{\"@type\":\"WebSite\",\"@id\":\"https:\\\/\\\/urbexmaps.com\\\/be\\\/#website\",\"url\":\"https:\\\/\\\/urbexmaps.com\\\/be\\\/\",\"name\":\"Urbex Belgique\",\"description\":\"\",\"publisher\":{\"@id\":\"https:\\\/\\\/urbexmaps.com\\\/be\\\/#organization\"},\"potentialAction\":[{\"@type\":\"SearchAction\",\"target\":{\"@type\":\"EntryPoint\",\"urlTemplate\":\"https:\\\/\\\/urbexmaps.com\\\/be\\\/?s={search_term_string}\"},\"query-input\":{\"@type\":\"PropertyValueSpecification\",\"valueRequired\":true,\"valueName\":\"search_term_string\"}}],\"inLanguage\":\"fr-BE\"},{\"@type\":\"Organization\",\"@id\":\"https:\\\/\\\/urbexmaps.com\\\/be\\\/#organization\",\"name\":\"Urbex Belgique\",\"url\":\"https:\\\/\\\/urbexmaps.com\\\/be\\\/\",\"logo\":{\"@type\":\"ImageObject\",\"inLanguage\":\"fr-BE\",\"@id\":\"https:\\\/\\\/urbexmaps.com\\\/be\\\/#\\\/schema\\\/logo\\\/image\\\/\",\"url\":\"https:\\\/\\\/urbexmaps.com\\\/be-fr\\\/wp-content\\\/uploads\\\/sites\\\/3\\\/2025\\\/11\\\/cropped-LOGO-ONG-1.png\",\"contentUrl\":\"https:\\\/\\\/urbexmaps.com\\\/be-fr\\\/wp-content\\\/uploads\\\/sites\\\/3\\\/2025\\\/11\\\/cropped-LOGO-ONG-1.png\",\"width\":80,\"height\":80,\"caption\":\"Urbex Belgique\"},\"image\":{\"@id\":\"https:\\\/\\\/urbexmaps.com\\\/be\\\/#\\\/schema\\\/logo\\\/image\\\/\"}}]}<\/script>\n<!-- \/ Yoast SEO plugin. -->","yoast_head_json":{"title":"Urbex Flandre Occidentale - 168 lieux \u00e0 d\u00e9couvrir","description":"Carte d'urbex Flandre Occidentale \u27bd D\u00e9couvrez notre carte regroupant 168 lieux abandonn\u00e9s. R\u00e9ception imm\u00e9diate, MAJ gratuite \u00e0 vie \u26a1","robots":{"index":"index","follow":"follow","max-snippet":"max-snippet:-1","max-image-preview":"max-image-preview:large","max-video-preview":"max-video-preview:-1"},"canonical":"https:\/\/urbexmaps.com\/be\/produit\/urbex-flandre-occidentale","og_locale":"fr_FR","og_type":"article","og_title":"Urbex Flandre Occidentale - 168 lieux \u00e0 d\u00e9couvrir","og_description":"Carte d'urbex Flandre Occidentale \u27bd D\u00e9couvrez notre carte regroupant 168 lieux abandonn\u00e9s. R\u00e9ception imm\u00e9diate, MAJ gratuite \u00e0 vie \u26a1","og_url":"https:\/\/urbexmaps.com\/be\/produit\/urbex-flandre-occidentale","og_site_name":"Urbexmaps BE","article_modified_time":"2026-03-04T13:58:25+00:00","og_image":[{"width":610,"height":608,"url":"https:\/\/urbexmaps.com\/be\/wp-content\/uploads\/sites\/3\/2025\/11\/urbex-flandre-occidentale.png","type":"image\/png"}],"twitter_card":"summary_large_image","twitter_misc":{"Dur\u00e9e de lecture estim\u00e9e":"1 minute"},"schema":{"@context":"https:\/\/schema.org","@graph":[{"@type":"WebPage","@id":"https:\/\/urbexmaps.com\/be\/produit\/urbex-flandre-occidentale","url":"https:\/\/urbexmaps.com\/be\/produit\/urbex-flandre-occidentale","name":"Urbex Flandre Occidentale - 168 lieux \u00e0 d\u00e9couvrir","isPartOf":{"@id":"https:\/\/urbexmaps.com\/be\/#website"},"primaryImageOfPage":{"@id":"https:\/\/urbexmaps.com\/be\/produit\/urbex-flandre-occidentale#primaryimage"},"image":{"@id":"https:\/\/urbexmaps.com\/be\/produit\/urbex-flandre-occidentale#primaryimage"},"thumbnailUrl":"https:\/\/urbexmaps.com\/be\/wp-content\/uploads\/sites\/3\/2025\/11\/urbex-flandre-occidentale.png","datePublished":"2025-11-25T16:58:29+00:00","dateModified":"2026-03-04T13:58:25+00:00","description":"Carte d'urbex Flandre Occidentale \u27bd D\u00e9couvrez notre carte regroupant 168 lieux abandonn\u00e9s. R\u00e9ception imm\u00e9diate, MAJ gratuite \u00e0 vie \u26a1","breadcrumb":{"@id":"https:\/\/urbexmaps.com\/be\/produit\/urbex-flandre-occidentale#breadcrumb"},"inLanguage":"fr-BE","potentialAction":[{"@type":"ReadAction","target":["https:\/\/urbexmaps.com\/be\/produit\/urbex-flandre-occidentale"]}]},{"@type":"ImageObject","inLanguage":"fr-BE","@id":"https:\/\/urbexmaps.com\/be\/produit\/urbex-flandre-occidentale#primaryimage","url":"https:\/\/urbexmaps.com\/be\/wp-content\/uploads\/sites\/3\/2025\/11\/urbex-flandre-occidentale.png","contentUrl":"https:\/\/urbexmaps.com\/be\/wp-content\/uploads\/sites\/3\/2025\/11\/urbex-flandre-occidentale.png","width":610,"height":608,"caption":"urbex flandre occidentale"},{"@type":"BreadcrumbList","@id":"https:\/\/urbexmaps.com\/be\/produit\/urbex-flandre-occidentale#breadcrumb","itemListElement":[{"@type":"ListItem","position":1,"name":"Accueil","item":"https:\/\/urbexmaps.com\/be\/"},{"@type":"ListItem","position":2,"name":"Produits","item":"https:\/\/urbexmaps.com\/be\/boutique"},{"@type":"ListItem","position":3,"name":"Urbex Flandre Occidentale"}]},{"@type":"WebSite","@id":"https:\/\/urbexmaps.com\/be\/#website","url":"https:\/\/urbexmaps.com\/be\/","name":"Urbex Belgique","description":"","publisher":{"@id":"https:\/\/urbexmaps.com\/be\/#organization"},"potentialAction":[{"@type":"SearchAction","target":{"@type":"EntryPoint","urlTemplate":"https:\/\/urbexmaps.com\/be\/?s={search_term_string}"},"query-input":{"@type":"PropertyValueSpecification","valueRequired":true,"valueName":"search_term_string"}}],"inLanguage":"fr-BE"},{"@type":"Organization","@id":"https:\/\/urbexmaps.com\/be\/#organization","name":"Urbex Belgique","url":"https:\/\/urbexmaps.com\/be\/","logo":{"@type":"ImageObject","inLanguage":"fr-BE","@id":"https:\/\/urbexmaps.com\/be\/#\/schema\/logo\/image\/","url":"https:\/\/urbexmaps.com\/be-fr\/wp-content\/uploads\/sites\/3\/2025\/11\/cropped-LOGO-ONG-1.png","contentUrl":"https:\/\/urbexmaps.com\/be-fr\/wp-content\/uploads\/sites\/3\/2025\/11\/cropped-LOGO-ONG-1.png","width":80,"height":80,"caption":"Urbex Belgique"},"image":{"@id":"https:\/\/urbexmaps.com\/be\/#\/schema\/logo\/image\/"}}]}},"_links":{"self":[{"href":"https:\/\/urbexmaps.com\/be\/wp-json\/wp\/v2\/product\/80","targetHints":{"allow":["GET"]}}],"collection":[{"href":"https:\/\/urbexmaps.com\/be\/wp-json\/wp\/v2\/product"}],"about":[{"href":"https:\/\/urbexmaps.com\/be\/wp-json\/wp\/v2\/types\/product"}],"replies":[{"embeddable":true,"href":"https:\/\/urbexmaps.com\/be\/wp-json\/wp\/v2\/comments?post=80"}],"wp:featuredmedia":[{"embeddable":true,"href":"https:\/\/urbexmaps.com\/be\/wp-json\/wp\/v2\/media\/414"}],"wp:attachment":[{"href":"https:\/\/urbexmaps.com\/be\/wp-json\/wp\/v2\/media?parent=80"}],"wp:term":[{"taxonomy":"product_brand","embeddable":true,"href":"https:\/\/urbexmaps.com\/be\/wp-json\/wp\/v2\/product_brand?post=80"},{"taxonomy":"product_cat","embeddable":true,"href":"https:\/\/urbexmaps.com\/be\/wp-json\/wp\/v2\/product_cat?post=80"},{"taxonomy":"product_tag","embeddable":true,"href":"https:\/\/urbexmaps.com\/be\/wp-json\/wp\/v2\/product_tag?post=80"}],"curies":[{"name":"wp","href":"https:\/\/api.w.org\/{rel}","templated":true}]}}