{"id":85,"date":"2025-11-25T18:01:59","date_gmt":"2025-11-25T17:01:59","guid":{"rendered":"https:\/\/urbexmaps.com\/be-fr\/?post_type=product&#038;p=85"},"modified":"2026-03-04T14:58:08","modified_gmt":"2026-03-04T13:58:08","slug":"urbex-hainaut","status":"publish","type":"product","link":"https:\/\/urbexmaps.com\/be\/produit\/urbex-hainaut","title":{"rendered":"Urbex Hainaut"},"content":{"rendered":"<p>D\u00e9couvrez la richesse du patrimoine abandonn\u00e9 avec notre carte Urbex Hainaut, qui r\u00e9pertorie 197 lieux fascinants. Historiquement industrielle, la province de Hainaut est un v\u00e9ritable tr\u00e9sor de sites oubli\u00e9s. Ces lieux t\u00e9moignent d&rsquo;une histoire riche, souvent marqu\u00e9e par l&rsquo;apog\u00e9e et le d\u00e9clin de l&rsquo;industrie, incluant des fonderies imposantes, des charbonnages mythiques comme le Charbonnage du Hasard, et d&rsquo;anciennes verreries telles que la Verrerie de Lodelinsart. L&rsquo;exploration urbaine dans le Hainaut offre une exp\u00e9rience unique, m\u00ealant architecture militaire (comme le Fort de la Chartreuse) et nature reprenant ses droits. Cette carte est l&rsquo;outil essentiel pour les explorateurs en qu\u00eate de vestiges fascinants.<\/p>\n","protected":false},"excerpt":{"rendered":"<p>D\u00e9couvrez la richesse du patrimoine abandonn\u00e9 avec notre carte Urbex Hainaut, qui r\u00e9pertorie 197 lieux fascinants. Historiquement industrielle, la province de Hainaut est un v\u00e9ritable tr\u00e9sor de sites oubli\u00e9s. Ces lieux t\u00e9moignent d&rsquo;une histoire riche, souvent marqu\u00e9e par l&rsquo;apog\u00e9e et le d\u00e9clin de l&rsquo;industrie, incluant des fonderies imposantes, des charbonnages mythiques comme le Charbonnage du [&hellip;]<\/p>\n","protected":false},"featured_media":410,"comment_status":"open","ping_status":"closed","template":"","meta":{"_et_pb_use_builder":"","_et_pb_old_content":"","_et_gb_content_width":""},"product_brand":[],"product_cat":[18],"product_tag":[],"class_list":{"0":"post-85","1":"product","2":"type-product","3":"status-publish","4":"has-post-thumbnail","6":"product_cat-cartes-urbex-belgique","8":"first","9":"instock","10":"downloadable","11":"shipping-taxable","12":"purchasable","13":"product-type-simple"},"yoast_head":"<!-- This site is optimized with the Yoast SEO plugin v27.6 - https:\/\/yoast.com\/product\/yoast-seo-wordpress\/ -->\n<title>Urbex Hainaut (Charleroi, Mons) - 197 lieux \u00e0 d\u00e9couvrir<\/title>\n<meta name=\"description\" content=\"Carte d&#039;urbex Hainaut \u27bd D\u00e9couvrez notre carte regroupant 197 lieux abandonn\u00e9s. R\u00e9ception imm\u00e9diate, MAJ gratuite \u00e0 vie \u26a1\" \/>\n<meta name=\"robots\" content=\"index, follow, max-snippet:-1, max-image-preview:large, max-video-preview:-1\" \/>\n<link rel=\"canonical\" href=\"https:\/\/urbexmaps.com\/be\/produit\/urbex-hainaut\" \/>\n<meta property=\"og:locale\" content=\"fr_FR\" \/>\n<meta property=\"og:type\" content=\"article\" \/>\n<meta property=\"og:title\" content=\"Urbex Hainaut (Charleroi, Mons) - 197 lieux \u00e0 d\u00e9couvrir\" \/>\n<meta property=\"og:description\" content=\"Carte d&#039;urbex Hainaut \u27bd D\u00e9couvrez notre carte regroupant 197 lieux abandonn\u00e9s. R\u00e9ception imm\u00e9diate, MAJ gratuite \u00e0 vie \u26a1\" \/>\n<meta property=\"og:url\" content=\"https:\/\/urbexmaps.com\/be\/produit\/urbex-hainaut\" \/>\n<meta property=\"og:site_name\" content=\"Urbexmaps BE\" \/>\n<meta property=\"article:modified_time\" content=\"2026-03-04T13:58:08+00:00\" \/>\n<meta property=\"og:image\" content=\"https:\/\/urbexmaps.com\/be\/wp-content\/uploads\/sites\/3\/2025\/11\/urbex-hainaut.png\" \/>\n\t<meta property=\"og:image:width\" content=\"579\" \/>\n\t<meta property=\"og:image:height\" content=\"557\" \/>\n\t<meta property=\"og:image:type\" content=\"image\/png\" \/>\n<meta name=\"twitter:card\" content=\"summary_large_image\" \/>\n<meta name=\"twitter:label1\" content=\"Dur\u00e9e de lecture estim\u00e9e\" \/>\n\t<meta name=\"twitter:data1\" content=\"1 minute\" \/>\n<script type=\"application\/ld+json\" class=\"yoast-schema-graph\">{\"@context\":\"https:\\\/\\\/schema.org\",\"@graph\":[{\"@type\":\"WebPage\",\"@id\":\"https:\\\/\\\/urbexmaps.com\\\/be\\\/produit\\\/urbex-hainaut\",\"url\":\"https:\\\/\\\/urbexmaps.com\\\/be\\\/produit\\\/urbex-hainaut\",\"name\":\"Urbex Hainaut (Charleroi, Mons) - 197 lieux \u00e0 d\u00e9couvrir\",\"isPartOf\":{\"@id\":\"https:\\\/\\\/urbexmaps.com\\\/be\\\/#website\"},\"primaryImageOfPage\":{\"@id\":\"https:\\\/\\\/urbexmaps.com\\\/be\\\/produit\\\/urbex-hainaut#primaryimage\"},\"image\":{\"@id\":\"https:\\\/\\\/urbexmaps.com\\\/be\\\/produit\\\/urbex-hainaut#primaryimage\"},\"thumbnailUrl\":\"https:\\\/\\\/urbexmaps.com\\\/be\\\/wp-content\\\/uploads\\\/sites\\\/3\\\/2025\\\/11\\\/urbex-hainaut.png\",\"datePublished\":\"2025-11-25T17:01:59+00:00\",\"dateModified\":\"2026-03-04T13:58:08+00:00\",\"description\":\"Carte d'urbex Hainaut \u27bd D\u00e9couvrez notre carte regroupant 197 lieux abandonn\u00e9s. R\u00e9ception imm\u00e9diate, MAJ gratuite \u00e0 vie \u26a1\",\"breadcrumb\":{\"@id\":\"https:\\\/\\\/urbexmaps.com\\\/be\\\/produit\\\/urbex-hainaut#breadcrumb\"},\"inLanguage\":\"fr-BE\",\"potentialAction\":[{\"@type\":\"ReadAction\",\"target\":[\"https:\\\/\\\/urbexmaps.com\\\/be\\\/produit\\\/urbex-hainaut\"]}]},{\"@type\":\"ImageObject\",\"inLanguage\":\"fr-BE\",\"@id\":\"https:\\\/\\\/urbexmaps.com\\\/be\\\/produit\\\/urbex-hainaut#primaryimage\",\"url\":\"https:\\\/\\\/urbexmaps.com\\\/be\\\/wp-content\\\/uploads\\\/sites\\\/3\\\/2025\\\/11\\\/urbex-hainaut.png\",\"contentUrl\":\"https:\\\/\\\/urbexmaps.com\\\/be\\\/wp-content\\\/uploads\\\/sites\\\/3\\\/2025\\\/11\\\/urbex-hainaut.png\",\"width\":579,\"height\":557,\"caption\":\"urbex hainaut\"},{\"@type\":\"BreadcrumbList\",\"@id\":\"https:\\\/\\\/urbexmaps.com\\\/be\\\/produit\\\/urbex-hainaut#breadcrumb\",\"itemListElement\":[{\"@type\":\"ListItem\",\"position\":1,\"name\":\"Accueil\",\"item\":\"https:\\\/\\\/urbexmaps.com\\\/be\\\/\"},{\"@type\":\"ListItem\",\"position\":2,\"name\":\"Produits\",\"item\":\"https:\\\/\\\/urbexmaps.com\\\/be\\\/boutique\"},{\"@type\":\"ListItem\",\"position\":3,\"name\":\"Urbex Hainaut\"}]},{\"@type\":\"WebSite\",\"@id\":\"https:\\\/\\\/urbexmaps.com\\\/be\\\/#website\",\"url\":\"https:\\\/\\\/urbexmaps.com\\\/be\\\/\",\"name\":\"Urbex Belgique\",\"description\":\"\",\"publisher\":{\"@id\":\"https:\\\/\\\/urbexmaps.com\\\/be\\\/#organization\"},\"potentialAction\":[{\"@type\":\"SearchAction\",\"target\":{\"@type\":\"EntryPoint\",\"urlTemplate\":\"https:\\\/\\\/urbexmaps.com\\\/be\\\/?s={search_term_string}\"},\"query-input\":{\"@type\":\"PropertyValueSpecification\",\"valueRequired\":true,\"valueName\":\"search_term_string\"}}],\"inLanguage\":\"fr-BE\"},{\"@type\":\"Organization\",\"@id\":\"https:\\\/\\\/urbexmaps.com\\\/be\\\/#organization\",\"name\":\"Urbex Belgique\",\"url\":\"https:\\\/\\\/urbexmaps.com\\\/be\\\/\",\"logo\":{\"@type\":\"ImageObject\",\"inLanguage\":\"fr-BE\",\"@id\":\"https:\\\/\\\/urbexmaps.com\\\/be\\\/#\\\/schema\\\/logo\\\/image\\\/\",\"url\":\"https:\\\/\\\/urbexmaps.com\\\/be-fr\\\/wp-content\\\/uploads\\\/sites\\\/3\\\/2025\\\/11\\\/cropped-LOGO-ONG-1.png\",\"contentUrl\":\"https:\\\/\\\/urbexmaps.com\\\/be-fr\\\/wp-content\\\/uploads\\\/sites\\\/3\\\/2025\\\/11\\\/cropped-LOGO-ONG-1.png\",\"width\":80,\"height\":80,\"caption\":\"Urbex Belgique\"},\"image\":{\"@id\":\"https:\\\/\\\/urbexmaps.com\\\/be\\\/#\\\/schema\\\/logo\\\/image\\\/\"}}]}<\/script>\n<!-- \/ Yoast SEO plugin. -->","yoast_head_json":{"title":"Urbex Hainaut (Charleroi, Mons) - 197 lieux \u00e0 d\u00e9couvrir","description":"Carte d'urbex Hainaut \u27bd D\u00e9couvrez notre carte regroupant 197 lieux abandonn\u00e9s. R\u00e9ception imm\u00e9diate, MAJ gratuite \u00e0 vie \u26a1","robots":{"index":"index","follow":"follow","max-snippet":"max-snippet:-1","max-image-preview":"max-image-preview:large","max-video-preview":"max-video-preview:-1"},"canonical":"https:\/\/urbexmaps.com\/be\/produit\/urbex-hainaut","og_locale":"fr_FR","og_type":"article","og_title":"Urbex Hainaut (Charleroi, Mons) - 197 lieux \u00e0 d\u00e9couvrir","og_description":"Carte d'urbex Hainaut \u27bd D\u00e9couvrez notre carte regroupant 197 lieux abandonn\u00e9s. R\u00e9ception imm\u00e9diate, MAJ gratuite \u00e0 vie \u26a1","og_url":"https:\/\/urbexmaps.com\/be\/produit\/urbex-hainaut","og_site_name":"Urbexmaps BE","article_modified_time":"2026-03-04T13:58:08+00:00","og_image":[{"width":579,"height":557,"url":"https:\/\/urbexmaps.com\/be\/wp-content\/uploads\/sites\/3\/2025\/11\/urbex-hainaut.png","type":"image\/png"}],"twitter_card":"summary_large_image","twitter_misc":{"Dur\u00e9e de lecture estim\u00e9e":"1 minute"},"schema":{"@context":"https:\/\/schema.org","@graph":[{"@type":"WebPage","@id":"https:\/\/urbexmaps.com\/be\/produit\/urbex-hainaut","url":"https:\/\/urbexmaps.com\/be\/produit\/urbex-hainaut","name":"Urbex Hainaut (Charleroi, Mons) - 197 lieux \u00e0 d\u00e9couvrir","isPartOf":{"@id":"https:\/\/urbexmaps.com\/be\/#website"},"primaryImageOfPage":{"@id":"https:\/\/urbexmaps.com\/be\/produit\/urbex-hainaut#primaryimage"},"image":{"@id":"https:\/\/urbexmaps.com\/be\/produit\/urbex-hainaut#primaryimage"},"thumbnailUrl":"https:\/\/urbexmaps.com\/be\/wp-content\/uploads\/sites\/3\/2025\/11\/urbex-hainaut.png","datePublished":"2025-11-25T17:01:59+00:00","dateModified":"2026-03-04T13:58:08+00:00","description":"Carte d'urbex Hainaut \u27bd D\u00e9couvrez notre carte regroupant 197 lieux abandonn\u00e9s. R\u00e9ception imm\u00e9diate, MAJ gratuite \u00e0 vie \u26a1","breadcrumb":{"@id":"https:\/\/urbexmaps.com\/be\/produit\/urbex-hainaut#breadcrumb"},"inLanguage":"fr-BE","potentialAction":[{"@type":"ReadAction","target":["https:\/\/urbexmaps.com\/be\/produit\/urbex-hainaut"]}]},{"@type":"ImageObject","inLanguage":"fr-BE","@id":"https:\/\/urbexmaps.com\/be\/produit\/urbex-hainaut#primaryimage","url":"https:\/\/urbexmaps.com\/be\/wp-content\/uploads\/sites\/3\/2025\/11\/urbex-hainaut.png","contentUrl":"https:\/\/urbexmaps.com\/be\/wp-content\/uploads\/sites\/3\/2025\/11\/urbex-hainaut.png","width":579,"height":557,"caption":"urbex hainaut"},{"@type":"BreadcrumbList","@id":"https:\/\/urbexmaps.com\/be\/produit\/urbex-hainaut#breadcrumb","itemListElement":[{"@type":"ListItem","position":1,"name":"Accueil","item":"https:\/\/urbexmaps.com\/be\/"},{"@type":"ListItem","position":2,"name":"Produits","item":"https:\/\/urbexmaps.com\/be\/boutique"},{"@type":"ListItem","position":3,"name":"Urbex Hainaut"}]},{"@type":"WebSite","@id":"https:\/\/urbexmaps.com\/be\/#website","url":"https:\/\/urbexmaps.com\/be\/","name":"Urbex Belgique","description":"","publisher":{"@id":"https:\/\/urbexmaps.com\/be\/#organization"},"potentialAction":[{"@type":"SearchAction","target":{"@type":"EntryPoint","urlTemplate":"https:\/\/urbexmaps.com\/be\/?s={search_term_string}"},"query-input":{"@type":"PropertyValueSpecification","valueRequired":true,"valueName":"search_term_string"}}],"inLanguage":"fr-BE"},{"@type":"Organization","@id":"https:\/\/urbexmaps.com\/be\/#organization","name":"Urbex Belgique","url":"https:\/\/urbexmaps.com\/be\/","logo":{"@type":"ImageObject","inLanguage":"fr-BE","@id":"https:\/\/urbexmaps.com\/be\/#\/schema\/logo\/image\/","url":"https:\/\/urbexmaps.com\/be-fr\/wp-content\/uploads\/sites\/3\/2025\/11\/cropped-LOGO-ONG-1.png","contentUrl":"https:\/\/urbexmaps.com\/be-fr\/wp-content\/uploads\/sites\/3\/2025\/11\/cropped-LOGO-ONG-1.png","width":80,"height":80,"caption":"Urbex Belgique"},"image":{"@id":"https:\/\/urbexmaps.com\/be\/#\/schema\/logo\/image\/"}}]}},"_links":{"self":[{"href":"https:\/\/urbexmaps.com\/be\/wp-json\/wp\/v2\/product\/85","targetHints":{"allow":["GET"]}}],"collection":[{"href":"https:\/\/urbexmaps.com\/be\/wp-json\/wp\/v2\/product"}],"about":[{"href":"https:\/\/urbexmaps.com\/be\/wp-json\/wp\/v2\/types\/product"}],"replies":[{"embeddable":true,"href":"https:\/\/urbexmaps.com\/be\/wp-json\/wp\/v2\/comments?post=85"}],"wp:featuredmedia":[{"embeddable":true,"href":"https:\/\/urbexmaps.com\/be\/wp-json\/wp\/v2\/media\/410"}],"wp:attachment":[{"href":"https:\/\/urbexmaps.com\/be\/wp-json\/wp\/v2\/media?parent=85"}],"wp:term":[{"taxonomy":"product_brand","embeddable":true,"href":"https:\/\/urbexmaps.com\/be\/wp-json\/wp\/v2\/product_brand?post=85"},{"taxonomy":"product_cat","embeddable":true,"href":"https:\/\/urbexmaps.com\/be\/wp-json\/wp\/v2\/product_cat?post=85"},{"taxonomy":"product_tag","embeddable":true,"href":"https:\/\/urbexmaps.com\/be\/wp-json\/wp\/v2\/product_tag?post=85"}],"curies":[{"name":"wp","href":"https:\/\/api.w.org\/{rel}","templated":true}]}}